{"id":11162,"date":"2026-02-18T05:18:12","date_gmt":"2026-02-18T05:18:12","guid":{"rendered":"https:\/\/staging.bezorgshop.com\/?post_type=product&#038;p=11162"},"modified":"2026-02-28T04:37:01","modified_gmt":"2026-02-28T04:37:01","slug":"sunmi-p2-lite","status":"publish","type":"product","link":"https:\/\/staging.bezorgshop.com\/en\/product\/sunmi-p2-lite\/","title":{"rendered":"SUNMI P2 Lite"},"content":{"rendered":"<p>Ervaar betaalgemak met de SUNMI P2 Lite pinautomaat. Deze compacte handheld terminal biedt effici\u00ebntie en eenvoud in \u00e9\u00e9n. Accepteer moeiteloos betalingen met de ingebouwde barcodescanner en duidelijk 5\u2033 display. Blijf altijd verbonden dankzij de ingebouwde simkaart. Ontdek vandaag nog een nieuwe manier van transacties doen met de gebruiksvriendelijke technologie van de SUNMI P2 Lite.<\/p>\n","protected":false},"excerpt":{"rendered":"<p data-start=\"332\" data-end=\"413\"><strong data-start=\"332\" data-end=\"352\">Payment Methods:<\/strong><br data-start=\"352\" data-end=\"355\" \/>Contactless, EMV chip, NFC, QR code &amp; Apple \/ Google Pay<\/p>\n<p data-start=\"415\" data-end=\"466\"><strong data-start=\"415\" data-end=\"427\">Display:<\/strong><br data-start=\"427\" data-end=\"430\" \/>5\u2033 HD IPS touchscreen (1280 \u00d7 720)<\/p>\n<p data-start=\"468\" data-end=\"513\"><strong data-start=\"468\" data-end=\"482\">Interface:<\/strong><br data-start=\"482\" data-end=\"485\" \/>4G, Bluetooth, USB-C, WiFi<\/p>\n","protected":false},"featured_media":11163,"template":"","meta":{"content-type":""},"product_brand":[],"product_cat":[592,595],"product_tag":[],"class_list":{"0":"post-11162","1":"product","2":"type-product","3":"status-publish","4":"has-post-thumbnail","6":"product_cat-pin-automaten","7":"product_cat-hardware","9":"first","10":"instock","11":"taxable","12":"shipping-taxable","13":"purchasable","14":"product-type-simple"},"yoast_head":"<!-- This site is optimized with the Yoast SEO Premium plugin v26.1 (Yoast SEO v27.2) - https:\/\/yoast.com\/product\/yoast-seo-premium-wordpress\/ -->\n<title>SUNMI P2 Lite - Bezorg Shop<\/title>\n<meta name=\"robots\" content=\"index, follow, max-snippet:-1, max-image-preview:large, max-video-preview:-1\" \/>\n<link rel=\"canonical\" href=\"https:\/\/staging.bezorgshop.com\/en\/product\/sunmi-p2-lite\/\" \/>\n<meta property=\"og:locale\" content=\"en_US\" \/>\n<meta property=\"og:type\" content=\"article\" \/>\n<meta property=\"og:title\" content=\"SUNMI P2 Lite\" \/>\n<meta property=\"og:description\" content=\"Payment Methods:Contactless, EMV chip, NFC, QR code &amp; Apple \/ Google Pay Display:5\u2033 HD IPS touchscreen (1280 \u00d7 720) Interface:4G, Bluetooth, USB-C, WiFi\" \/>\n<meta property=\"og:url\" content=\"https:\/\/staging.bezorgshop.com\/en\/product\/sunmi-p2-lite\/\" \/>\n<meta property=\"og:site_name\" content=\"Bezorg Shop\" \/>\n<meta property=\"article:modified_time\" content=\"2026-02-28T04:37:01+00:00\" \/>\n<meta property=\"og:image\" content=\"https:\/\/staging.bezorgshop.com\/wp-content\/uploads\/Sunmi-P2-Lite-cashdesk-153x300-1-1.png\" \/>\n\t<meta property=\"og:image:width\" content=\"298\" \/>\n\t<meta property=\"og:image:height\" content=\"300\" \/>\n\t<meta property=\"og:image:type\" content=\"image\/png\" \/>\n<meta name=\"twitter:card\" content=\"summary_large_image\" \/>\n<meta name=\"twitter:label1\" content=\"Est. reading time\" \/>\n\t<meta name=\"twitter:data1\" content=\"1 minute\" \/>\n<script type=\"application\/ld+json\" class=\"yoast-schema-graph\">{\"@context\":\"https:\/\/schema.org\",\"@graph\":[{\"@type\":\"WebPage\",\"@id\":\"https:\/\/staging.bezorgshop.com\/en\/product\/sunmi-p2-lite\/\",\"url\":\"https:\/\/staging.bezorgshop.com\/en\/product\/sunmi-p2-lite\/\",\"name\":\"SUNMI P2 Lite - Bezorg Shop\",\"isPartOf\":{\"@id\":\"https:\/\/staging.bezorgshop.com\/#website\"},\"primaryImageOfPage\":{\"@id\":\"https:\/\/staging.bezorgshop.com\/en\/product\/sunmi-p2-lite\/#primaryimage\"},\"image\":{\"@id\":\"https:\/\/staging.bezorgshop.com\/en\/product\/sunmi-p2-lite\/#primaryimage\"},\"thumbnailUrl\":\"https:\/\/staging.bezorgshop.com\/wp-content\/uploads\/Sunmi-P2-Lite-cashdesk-153x300-1-1.png\",\"datePublished\":\"2026-02-18T05:18:12+00:00\",\"dateModified\":\"2026-02-28T04:37:01+00:00\",\"breadcrumb\":{\"@id\":\"https:\/\/staging.bezorgshop.com\/en\/product\/sunmi-p2-lite\/#breadcrumb\"},\"inLanguage\":\"en-US\",\"potentialAction\":[{\"@type\":\"ReadAction\",\"target\":[\"https:\/\/staging.bezorgshop.com\/en\/product\/sunmi-p2-lite\/\"]}]},{\"@type\":\"ImageObject\",\"inLanguage\":\"en-US\",\"@id\":\"https:\/\/staging.bezorgshop.com\/en\/product\/sunmi-p2-lite\/#primaryimage\",\"url\":\"https:\/\/staging.bezorgshop.com\/wp-content\/uploads\/Sunmi-P2-Lite-cashdesk-153x300-1-1.png\",\"contentUrl\":\"https:\/\/staging.bezorgshop.com\/wp-content\/uploads\/Sunmi-P2-Lite-cashdesk-153x300-1-1.png\",\"width\":298,\"height\":300},{\"@type\":\"BreadcrumbList\",\"@id\":\"https:\/\/staging.bezorgshop.com\/en\/product\/sunmi-p2-lite\/#breadcrumb\",\"itemListElement\":[{\"@type\":\"ListItem\",\"position\":1,\"name\":\"Home\",\"item\":\"https:\/\/staging.bezorgshop.com\/en\/\"},{\"@type\":\"ListItem\",\"position\":2,\"name\":\"Shop\",\"item\":\"https:\/\/staging.bezorgshop.com\/en\/shop_en\/\"},{\"@type\":\"ListItem\",\"position\":3,\"name\":\"SUNMI P2 Lite\"}]},{\"@type\":\"WebSite\",\"@id\":\"https:\/\/staging.bezorgshop.com\/#website\",\"url\":\"https:\/\/staging.bezorgshop.com\/\",\"name\":\"BezorgShop.com\",\"description\":\"Partner voor food delivery en Take Away restaurants!\",\"publisher\":{\"@id\":\"https:\/\/staging.bezorgshop.com\/#organization\"},\"potentialAction\":[{\"@type\":\"SearchAction\",\"target\":{\"@type\":\"EntryPoint\",\"urlTemplate\":\"https:\/\/staging.bezorgshop.com\/?s={search_term_string}\"},\"query-input\":{\"@type\":\"PropertyValueSpecification\",\"valueRequired\":true,\"valueName\":\"search_term_string\"}}],\"inLanguage\":\"en-US\"},{\"@type\":\"Organization\",\"@id\":\"https:\/\/staging.bezorgshop.com\/#organization\",\"name\":\"Bezorgshop.com\",\"url\":\"https:\/\/staging.bezorgshop.com\/\",\"logo\":{\"@type\":\"ImageObject\",\"inLanguage\":\"en-US\",\"@id\":\"https:\/\/staging.bezorgshop.com\/#\/schema\/logo\/image\/\",\"url\":\"https:\/\/staging.bezorgshop.com\/wp-content\/uploads\/bezorgshop.com_.png\",\"contentUrl\":\"https:\/\/staging.bezorgshop.com\/wp-content\/uploads\/bezorgshop.com_.png\",\"width\":569,\"height\":119,\"caption\":\"Bezorgshop.com\"},\"image\":{\"@id\":\"https:\/\/staging.bezorgshop.com\/#\/schema\/logo\/image\/\"},\"email\":\"info@bezorgshop.com\",\"foundingDate\":\"2024-05-01\",\"numberOfEmployees\":{\"@type\":\"QuantitativeValue\",\"minValue\":\"11\",\"maxValue\":\"50\"}}]}<\/script>\n<!-- \/ Yoast SEO Premium plugin. -->","yoast_head_json":{"title":"SUNMI P2 Lite - Bezorg Shop","robots":{"index":"index","follow":"follow","max-snippet":"max-snippet:-1","max-image-preview":"max-image-preview:large","max-video-preview":"max-video-preview:-1"},"canonical":"https:\/\/staging.bezorgshop.com\/en\/product\/sunmi-p2-lite\/","og_locale":"en_US","og_type":"article","og_title":"SUNMI P2 Lite","og_description":"Payment Methods:Contactless, EMV chip, NFC, QR code &amp; Apple \/ Google Pay Display:5\u2033 HD IPS touchscreen (1280 \u00d7 720) Interface:4G, Bluetooth, USB-C, WiFi","og_url":"https:\/\/staging.bezorgshop.com\/en\/product\/sunmi-p2-lite\/","og_site_name":"Bezorg Shop","article_modified_time":"2026-02-28T04:37:01+00:00","og_image":[{"width":298,"height":300,"url":"https:\/\/staging.bezorgshop.com\/wp-content\/uploads\/Sunmi-P2-Lite-cashdesk-153x300-1-1.png","type":"image\/png"}],"twitter_card":"summary_large_image","twitter_misc":{"Est. reading time":"1 minute"},"schema":{"@context":"https:\/\/schema.org","@graph":[{"@type":"WebPage","@id":"https:\/\/staging.bezorgshop.com\/en\/product\/sunmi-p2-lite\/","url":"https:\/\/staging.bezorgshop.com\/en\/product\/sunmi-p2-lite\/","name":"SUNMI P2 Lite - Bezorg Shop","isPartOf":{"@id":"https:\/\/staging.bezorgshop.com\/#website"},"primaryImageOfPage":{"@id":"https:\/\/staging.bezorgshop.com\/en\/product\/sunmi-p2-lite\/#primaryimage"},"image":{"@id":"https:\/\/staging.bezorgshop.com\/en\/product\/sunmi-p2-lite\/#primaryimage"},"thumbnailUrl":"https:\/\/staging.bezorgshop.com\/wp-content\/uploads\/Sunmi-P2-Lite-cashdesk-153x300-1-1.png","datePublished":"2026-02-18T05:18:12+00:00","dateModified":"2026-02-28T04:37:01+00:00","breadcrumb":{"@id":"https:\/\/staging.bezorgshop.com\/en\/product\/sunmi-p2-lite\/#breadcrumb"},"inLanguage":"en-US","potentialAction":[{"@type":"ReadAction","target":["https:\/\/staging.bezorgshop.com\/en\/product\/sunmi-p2-lite\/"]}]},{"@type":"ImageObject","inLanguage":"en-US","@id":"https:\/\/staging.bezorgshop.com\/en\/product\/sunmi-p2-lite\/#primaryimage","url":"https:\/\/staging.bezorgshop.com\/wp-content\/uploads\/Sunmi-P2-Lite-cashdesk-153x300-1-1.png","contentUrl":"https:\/\/staging.bezorgshop.com\/wp-content\/uploads\/Sunmi-P2-Lite-cashdesk-153x300-1-1.png","width":298,"height":300},{"@type":"BreadcrumbList","@id":"https:\/\/staging.bezorgshop.com\/en\/product\/sunmi-p2-lite\/#breadcrumb","itemListElement":[{"@type":"ListItem","position":1,"name":"Home","item":"https:\/\/staging.bezorgshop.com\/en\/"},{"@type":"ListItem","position":2,"name":"Shop","item":"https:\/\/staging.bezorgshop.com\/en\/shop_en\/"},{"@type":"ListItem","position":3,"name":"SUNMI P2 Lite"}]},{"@type":"WebSite","@id":"https:\/\/staging.bezorgshop.com\/#website","url":"https:\/\/staging.bezorgshop.com\/","name":"BezorgShop.com","description":"Partner voor food delivery en Take Away restaurants!","publisher":{"@id":"https:\/\/staging.bezorgshop.com\/#organization"},"potentialAction":[{"@type":"SearchAction","target":{"@type":"EntryPoint","urlTemplate":"https:\/\/staging.bezorgshop.com\/?s={search_term_string}"},"query-input":{"@type":"PropertyValueSpecification","valueRequired":true,"valueName":"search_term_string"}}],"inLanguage":"en-US"},{"@type":"Organization","@id":"https:\/\/staging.bezorgshop.com\/#organization","name":"Bezorgshop.com","url":"https:\/\/staging.bezorgshop.com\/","logo":{"@type":"ImageObject","inLanguage":"en-US","@id":"https:\/\/staging.bezorgshop.com\/#\/schema\/logo\/image\/","url":"https:\/\/staging.bezorgshop.com\/wp-content\/uploads\/bezorgshop.com_.png","contentUrl":"https:\/\/staging.bezorgshop.com\/wp-content\/uploads\/bezorgshop.com_.png","width":569,"height":119,"caption":"Bezorgshop.com"},"image":{"@id":"https:\/\/staging.bezorgshop.com\/#\/schema\/logo\/image\/"},"email":"info@bezorgshop.com","foundingDate":"2024-05-01","numberOfEmployees":{"@type":"QuantitativeValue","minValue":"11","maxValue":"50"}}]}},"_links":{"self":[{"href":"https:\/\/staging.bezorgshop.com\/en\/wp-json\/wp\/v2\/product\/11162","targetHints":{"allow":["GET"]}}],"collection":[{"href":"https:\/\/staging.bezorgshop.com\/en\/wp-json\/wp\/v2\/product"}],"about":[{"href":"https:\/\/staging.bezorgshop.com\/en\/wp-json\/wp\/v2\/types\/product"}],"version-history":[{"count":2,"href":"https:\/\/staging.bezorgshop.com\/en\/wp-json\/wp\/v2\/product\/11162\/revisions"}],"predecessor-version":[{"id":11858,"href":"https:\/\/staging.bezorgshop.com\/en\/wp-json\/wp\/v2\/product\/11162\/revisions\/11858"}],"wp:featuredmedia":[{"embeddable":true,"href":"https:\/\/staging.bezorgshop.com\/en\/wp-json\/wp\/v2\/media\/11163"}],"wp:attachment":[{"href":"https:\/\/staging.bezorgshop.com\/en\/wp-json\/wp\/v2\/media?parent=11162"}],"wp:term":[{"taxonomy":"product_brand","embeddable":true,"href":"https:\/\/staging.bezorgshop.com\/en\/wp-json\/wp\/v2\/product_brand?post=11162"},{"taxonomy":"product_cat","embeddable":true,"href":"https:\/\/staging.bezorgshop.com\/en\/wp-json\/wp\/v2\/product_cat?post=11162"},{"taxonomy":"product_tag","embeddable":true,"href":"https:\/\/staging.bezorgshop.com\/en\/wp-json\/wp\/v2\/product_tag?post=11162"}],"curies":[{"name":"wp","href":"https:\/\/api.w.org\/{rel}","templated":true}]}}