{"id":11029,"date":"2026-02-18T05:18:39","date_gmt":"2026-02-18T05:18:39","guid":{"rendered":"https:\/\/staging.bezorgshop.com\/?post_type=product&#038;p=11029"},"modified":"2026-02-27T06:56:55","modified_gmt":"2026-02-27T06:56:55","slug":"durapos-all-in-one-pos-systeem-21","status":"publish","type":"product","link":"https:\/\/staging.bezorgshop.com\/en\/product\/durapos-all-in-one-pos-systeem-21\/","title":{"rendered":"Durapos all-in-one POS systeem 21&#8243;"},"content":{"rendered":"<p>Ontdek de effici\u00ebntie van het Durapos all-in-one POS systeem, een geavanceerd kassasysteem met een helder 21-inch display ontworpen voor optimale gebruiksvriendelijkheid. Met een prijs van slechts \u20ac855,00 is dit systeem niet alleen betaalbaar maar ook direct uit voorraad leverbaar. Dit alles-in-\u00e9\u00e9n apparaat combineert moeiteloos essenti\u00eble functies die nodig zijn in elke dynamische verkoopomgeving.<\/p>\n<p>Het Durapos systeem biedt uitzonderlijke prestaties en duurzaamheid, perfect afgestemd op sectoren als retail, horeca en entertainment. Dankzij de intu\u00eftieve interface kunnen medewerkers snel transacties afhandelen waardoor wachttijden verminderen en klanttevredenheid toeneemt. Bovendien ondersteunt dit POS-systeem meerdere betalingsopties om flexibiliteit te maximaliseren.<\/p>\n<p>Of u nu uw eerste all-in-one systeem overweegt of plant om uw bestaande apparatuur te upgraden, het Durapos POS-systeem levert consistent superieure performance tegen een onverslaanbare prijs-kwaliteitverhouding binnen de branche. Voeg waarde toe aan uw bedrijf met deze slimme investering die naadloos integreert in elk verkooppuntontwerp.<\/p>\n","protected":false},"excerpt":{"rendered":"<p><strong data-start=\"531\" data-end=\"610\">Discover streamlined efficiency with the Durapos 21\u2033 all-in-one POS system.<\/strong><br data-start=\"610\" data-end=\"613\" \/>Perfect for any retail or hospitality environment. For only \u20ac855.00, you are guaranteed a product that is readily available from stock. This robust cash register combines modern technology with ease of use, making it ideal for optimizing your business operations.<\/p>\n","protected":false},"featured_media":11030,"template":"","meta":{"content-type":""},"product_brand":[],"product_cat":[619],"product_tag":[],"class_list":{"0":"post-11029","1":"product","2":"type-product","3":"status-publish","4":"has-post-thumbnail","6":"product_cat-pos-systeem","7":"product_shipping_class-standard","9":"first","10":"instock","11":"taxable","12":"shipping-taxable","13":"purchasable","14":"product-type-simple"},"yoast_head":"<!-- This site is optimized with the Yoast SEO Premium plugin v26.1 (Yoast SEO v27.2) - https:\/\/yoast.com\/product\/yoast-seo-premium-wordpress\/ -->\n<title>Durapos 21&quot; All-in-One POS Systeem - Direct Leverbaar \u20ac855 \u00a0<\/title>\n<meta name=\"description\" content=\"Ontdek de Durapos all-in-one POS systeem 21&quot;: altijd op voorraad, slechts \u20ac855. Ideaal voor elke horeca zaak! \u00a0\" \/>\n<meta name=\"robots\" content=\"index, follow, max-snippet:-1, max-image-preview:large, max-video-preview:-1\" \/>\n<link rel=\"canonical\" href=\"https:\/\/staging.bezorgshop.com\/en\/product\/durapos-all-in-one-pos-systeem-21\/\" \/>\n<meta property=\"og:locale\" content=\"en_US\" \/>\n<meta property=\"og:type\" content=\"article\" \/>\n<meta property=\"og:title\" content=\"Durapos 21&quot; All-in-One POS Systeem - Direct Leverbaar \u20ac855 \u00a0\" \/>\n<meta property=\"og:description\" content=\"Ontdek de effici\u00ebntie van Durapos 21&quot; all-in-one POS-systeem. Nu voor slechts \u20ac855,00 en direct leverbaar! Ideaal voor elke moderne onderneming. \u00a0\" \/>\n<meta property=\"og:url\" content=\"https:\/\/staging.bezorgshop.com\/en\/product\/durapos-all-in-one-pos-systeem-21\/\" \/>\n<meta property=\"og:site_name\" content=\"Bezorg Shop\" \/>\n<meta property=\"article:modified_time\" content=\"2026-02-27T06:56:55+00:00\" \/>\n<meta property=\"og:image\" content=\"https:\/\/staging.bezorgshop.com\/wp-content\/uploads\/KD2X0-1.jpg\" \/>\n\t<meta property=\"og:image:width\" content=\"800\" \/>\n\t<meta property=\"og:image:height\" content=\"800\" \/>\n\t<meta property=\"og:image:type\" content=\"image\/jpeg\" \/>\n<meta name=\"twitter:card\" content=\"summary_large_image\" \/>\n<meta name=\"twitter:title\" content=\"Durapos 21&quot; All-in-One POS Systeem - Direct Leverbaar \u20ac855 \u00a0\" \/>\n<meta name=\"twitter:description\" content=\"Ontdek de effici\u00ebntie van Durapos 21&quot; all-in-one POS-systeem. Nu voor slechts \u20ac855,00 en direct leverbaar! Ideaal voor elke moderne onderneming. \u00a0\" \/>\n<meta name=\"twitter:label1\" content=\"Est. reading time\" \/>\n\t<meta name=\"twitter:data1\" content=\"1 minute\" \/>\n<script type=\"application\/ld+json\" class=\"yoast-schema-graph\">{\"@context\":\"https:\/\/schema.org\",\"@graph\":[{\"@type\":\"WebPage\",\"@id\":\"https:\/\/staging.bezorgshop.com\/en\/product\/durapos-all-in-one-pos-systeem-21\/\",\"url\":\"https:\/\/staging.bezorgshop.com\/en\/product\/durapos-all-in-one-pos-systeem-21\/\",\"name\":\"Durapos 21\\\" All-in-One POS Systeem - Direct Leverbaar \u20ac855 \u00a0\",\"isPartOf\":{\"@id\":\"https:\/\/staging.bezorgshop.com\/#website\"},\"primaryImageOfPage\":{\"@id\":\"https:\/\/staging.bezorgshop.com\/en\/product\/durapos-all-in-one-pos-systeem-21\/#primaryimage\"},\"image\":{\"@id\":\"https:\/\/staging.bezorgshop.com\/en\/product\/durapos-all-in-one-pos-systeem-21\/#primaryimage\"},\"thumbnailUrl\":\"https:\/\/staging.bezorgshop.com\/wp-content\/uploads\/KD2X0-1.jpg\",\"datePublished\":\"2026-02-18T05:18:39+00:00\",\"dateModified\":\"2026-02-27T06:56:55+00:00\",\"description\":\"Ontdek de Durapos all-in-one POS systeem 21\\\": altijd op voorraad, slechts \u20ac855. Ideaal voor elke horeca zaak! \u00a0\",\"breadcrumb\":{\"@id\":\"https:\/\/staging.bezorgshop.com\/en\/product\/durapos-all-in-one-pos-systeem-21\/#breadcrumb\"},\"inLanguage\":\"en-US\",\"potentialAction\":[{\"@type\":\"ReadAction\",\"target\":[\"https:\/\/staging.bezorgshop.com\/en\/product\/durapos-all-in-one-pos-systeem-21\/\"]}]},{\"@type\":\"ImageObject\",\"inLanguage\":\"en-US\",\"@id\":\"https:\/\/staging.bezorgshop.com\/en\/product\/durapos-all-in-one-pos-systeem-21\/#primaryimage\",\"url\":\"https:\/\/staging.bezorgshop.com\/wp-content\/uploads\/KD2X0-1.jpg\",\"contentUrl\":\"https:\/\/staging.bezorgshop.com\/wp-content\/uploads\/KD2X0-1.jpg\",\"width\":800,\"height\":800},{\"@type\":\"BreadcrumbList\",\"@id\":\"https:\/\/staging.bezorgshop.com\/en\/product\/durapos-all-in-one-pos-systeem-21\/#breadcrumb\",\"itemListElement\":[{\"@type\":\"ListItem\",\"position\":1,\"name\":\"Home\",\"item\":\"https:\/\/staging.bezorgshop.com\/en\/\"},{\"@type\":\"ListItem\",\"position\":2,\"name\":\"Shop\",\"item\":\"https:\/\/staging.bezorgshop.com\/en\/shop_en\/\"},{\"@type\":\"ListItem\",\"position\":3,\"name\":\"Durapos all-in-one POS systeem 21&#8243;\"}]},{\"@type\":\"WebSite\",\"@id\":\"https:\/\/staging.bezorgshop.com\/#website\",\"url\":\"https:\/\/staging.bezorgshop.com\/\",\"name\":\"BezorgShop.com\",\"description\":\"Partner voor food delivery en Take Away restaurants!\",\"publisher\":{\"@id\":\"https:\/\/staging.bezorgshop.com\/#organization\"},\"potentialAction\":[{\"@type\":\"SearchAction\",\"target\":{\"@type\":\"EntryPoint\",\"urlTemplate\":\"https:\/\/staging.bezorgshop.com\/?s={search_term_string}\"},\"query-input\":{\"@type\":\"PropertyValueSpecification\",\"valueRequired\":true,\"valueName\":\"search_term_string\"}}],\"inLanguage\":\"en-US\"},{\"@type\":\"Organization\",\"@id\":\"https:\/\/staging.bezorgshop.com\/#organization\",\"name\":\"Bezorgshop.com\",\"url\":\"https:\/\/staging.bezorgshop.com\/\",\"logo\":{\"@type\":\"ImageObject\",\"inLanguage\":\"en-US\",\"@id\":\"https:\/\/staging.bezorgshop.com\/#\/schema\/logo\/image\/\",\"url\":\"https:\/\/staging.bezorgshop.com\/wp-content\/uploads\/bezorgshop.com_.png\",\"contentUrl\":\"https:\/\/staging.bezorgshop.com\/wp-content\/uploads\/bezorgshop.com_.png\",\"width\":569,\"height\":119,\"caption\":\"Bezorgshop.com\"},\"image\":{\"@id\":\"https:\/\/staging.bezorgshop.com\/#\/schema\/logo\/image\/\"},\"email\":\"info@bezorgshop.com\",\"foundingDate\":\"2024-05-01\",\"numberOfEmployees\":{\"@type\":\"QuantitativeValue\",\"minValue\":\"11\",\"maxValue\":\"50\"}}]}<\/script>\n<!-- \/ Yoast SEO Premium plugin. -->","yoast_head_json":{"title":"Durapos 21\" All-in-One POS Systeem - Direct Leverbaar \u20ac855 \u00a0","description":"Ontdek de Durapos all-in-one POS systeem 21\": altijd op voorraad, slechts \u20ac855. Ideaal voor elke horeca zaak! \u00a0","robots":{"index":"index","follow":"follow","max-snippet":"max-snippet:-1","max-image-preview":"max-image-preview:large","max-video-preview":"max-video-preview:-1"},"canonical":"https:\/\/staging.bezorgshop.com\/en\/product\/durapos-all-in-one-pos-systeem-21\/","og_locale":"en_US","og_type":"article","og_title":"Durapos 21\" All-in-One POS Systeem - Direct Leverbaar \u20ac855 \u00a0","og_description":"Ontdek de effici\u00ebntie van Durapos 21\" all-in-one POS-systeem. Nu voor slechts \u20ac855,00 en direct leverbaar! Ideaal voor elke moderne onderneming. \u00a0","og_url":"https:\/\/staging.bezorgshop.com\/en\/product\/durapos-all-in-one-pos-systeem-21\/","og_site_name":"Bezorg Shop","article_modified_time":"2026-02-27T06:56:55+00:00","og_image":[{"width":800,"height":800,"url":"https:\/\/staging.bezorgshop.com\/wp-content\/uploads\/KD2X0-1.jpg","type":"image\/jpeg"}],"twitter_card":"summary_large_image","twitter_title":"Durapos 21\" All-in-One POS Systeem - Direct Leverbaar \u20ac855 \u00a0","twitter_description":"Ontdek de effici\u00ebntie van Durapos 21\" all-in-one POS-systeem. Nu voor slechts \u20ac855,00 en direct leverbaar! Ideaal voor elke moderne onderneming. \u00a0","twitter_misc":{"Est. reading time":"1 minute"},"schema":{"@context":"https:\/\/schema.org","@graph":[{"@type":"WebPage","@id":"https:\/\/staging.bezorgshop.com\/en\/product\/durapos-all-in-one-pos-systeem-21\/","url":"https:\/\/staging.bezorgshop.com\/en\/product\/durapos-all-in-one-pos-systeem-21\/","name":"Durapos 21\" All-in-One POS Systeem - Direct Leverbaar \u20ac855 \u00a0","isPartOf":{"@id":"https:\/\/staging.bezorgshop.com\/#website"},"primaryImageOfPage":{"@id":"https:\/\/staging.bezorgshop.com\/en\/product\/durapos-all-in-one-pos-systeem-21\/#primaryimage"},"image":{"@id":"https:\/\/staging.bezorgshop.com\/en\/product\/durapos-all-in-one-pos-systeem-21\/#primaryimage"},"thumbnailUrl":"https:\/\/staging.bezorgshop.com\/wp-content\/uploads\/KD2X0-1.jpg","datePublished":"2026-02-18T05:18:39+00:00","dateModified":"2026-02-27T06:56:55+00:00","description":"Ontdek de Durapos all-in-one POS systeem 21\": altijd op voorraad, slechts \u20ac855. Ideaal voor elke horeca zaak! \u00a0","breadcrumb":{"@id":"https:\/\/staging.bezorgshop.com\/en\/product\/durapos-all-in-one-pos-systeem-21\/#breadcrumb"},"inLanguage":"en-US","potentialAction":[{"@type":"ReadAction","target":["https:\/\/staging.bezorgshop.com\/en\/product\/durapos-all-in-one-pos-systeem-21\/"]}]},{"@type":"ImageObject","inLanguage":"en-US","@id":"https:\/\/staging.bezorgshop.com\/en\/product\/durapos-all-in-one-pos-systeem-21\/#primaryimage","url":"https:\/\/staging.bezorgshop.com\/wp-content\/uploads\/KD2X0-1.jpg","contentUrl":"https:\/\/staging.bezorgshop.com\/wp-content\/uploads\/KD2X0-1.jpg","width":800,"height":800},{"@type":"BreadcrumbList","@id":"https:\/\/staging.bezorgshop.com\/en\/product\/durapos-all-in-one-pos-systeem-21\/#breadcrumb","itemListElement":[{"@type":"ListItem","position":1,"name":"Home","item":"https:\/\/staging.bezorgshop.com\/en\/"},{"@type":"ListItem","position":2,"name":"Shop","item":"https:\/\/staging.bezorgshop.com\/en\/shop_en\/"},{"@type":"ListItem","position":3,"name":"Durapos all-in-one POS systeem 21&#8243;"}]},{"@type":"WebSite","@id":"https:\/\/staging.bezorgshop.com\/#website","url":"https:\/\/staging.bezorgshop.com\/","name":"BezorgShop.com","description":"Partner voor food delivery en Take Away restaurants!","publisher":{"@id":"https:\/\/staging.bezorgshop.com\/#organization"},"potentialAction":[{"@type":"SearchAction","target":{"@type":"EntryPoint","urlTemplate":"https:\/\/staging.bezorgshop.com\/?s={search_term_string}"},"query-input":{"@type":"PropertyValueSpecification","valueRequired":true,"valueName":"search_term_string"}}],"inLanguage":"en-US"},{"@type":"Organization","@id":"https:\/\/staging.bezorgshop.com\/#organization","name":"Bezorgshop.com","url":"https:\/\/staging.bezorgshop.com\/","logo":{"@type":"ImageObject","inLanguage":"en-US","@id":"https:\/\/staging.bezorgshop.com\/#\/schema\/logo\/image\/","url":"https:\/\/staging.bezorgshop.com\/wp-content\/uploads\/bezorgshop.com_.png","contentUrl":"https:\/\/staging.bezorgshop.com\/wp-content\/uploads\/bezorgshop.com_.png","width":569,"height":119,"caption":"Bezorgshop.com"},"image":{"@id":"https:\/\/staging.bezorgshop.com\/#\/schema\/logo\/image\/"},"email":"info@bezorgshop.com","foundingDate":"2024-05-01","numberOfEmployees":{"@type":"QuantitativeValue","minValue":"11","maxValue":"50"}}]}},"_links":{"self":[{"href":"https:\/\/staging.bezorgshop.com\/en\/wp-json\/wp\/v2\/product\/11029","targetHints":{"allow":["GET"]}}],"collection":[{"href":"https:\/\/staging.bezorgshop.com\/en\/wp-json\/wp\/v2\/product"}],"about":[{"href":"https:\/\/staging.bezorgshop.com\/en\/wp-json\/wp\/v2\/types\/product"}],"version-history":[{"count":2,"href":"https:\/\/staging.bezorgshop.com\/en\/wp-json\/wp\/v2\/product\/11029\/revisions"}],"predecessor-version":[{"id":11777,"href":"https:\/\/staging.bezorgshop.com\/en\/wp-json\/wp\/v2\/product\/11029\/revisions\/11777"}],"wp:featuredmedia":[{"embeddable":true,"href":"https:\/\/staging.bezorgshop.com\/en\/wp-json\/wp\/v2\/media\/11030"}],"wp:attachment":[{"href":"https:\/\/staging.bezorgshop.com\/en\/wp-json\/wp\/v2\/media?parent=11029"}],"wp:term":[{"taxonomy":"product_brand","embeddable":true,"href":"https:\/\/staging.bezorgshop.com\/en\/wp-json\/wp\/v2\/product_brand?post=11029"},{"taxonomy":"product_cat","embeddable":true,"href":"https:\/\/staging.bezorgshop.com\/en\/wp-json\/wp\/v2\/product_cat?post=11029"},{"taxonomy":"product_tag","embeddable":true,"href":"https:\/\/staging.bezorgshop.com\/en\/wp-json\/wp\/v2\/product_tag?post=11029"}],"curies":[{"name":"wp","href":"https:\/\/api.w.org\/{rel}","templated":true}]}}