{"id":11128,"date":"2026-02-18T05:18:25","date_gmt":"2026-02-18T05:18:25","guid":{"rendered":"https:\/\/staging.bezorgshop.com\/?post_type=product&#038;p=11128"},"modified":"2026-02-27T07:30:21","modified_gmt":"2026-02-27T07:30:21","slug":"metapace-k-1-kassalade","status":"publish","type":"product","link":"https:\/\/staging.bezorgshop.com\/de\/produkt\/metapace-k-1-kassalade\/","title":{"rendered":"Metapace K-1 kassalade"},"content":{"rendered":"<p><strong>Metapace K-1 kassalade<\/strong><\/p>\n<p>Een compacte kassalade voor papier- en muntgeld. Deze elektronische lade gaat open bij contante betalingen maar is ook met een sleutel te bedienen.<\/p>\n","protected":false},"excerpt":{"rendered":"<p data-start=\"940\" data-end=\"971\"><strong data-start=\"940\" data-end=\"971\">Technische Spezifikationen:<\/strong><\/p>\n<ul data-start=\"973\" data-end=\"1312\">\n<li data-start=\"973\" data-end=\"1012\">\n<p data-start=\"975\" data-end=\"1012\">Robuste und stabile Kassenschublade<\/p>\n<\/li>\n<li data-start=\"1013\" data-end=\"1068\">\n<p data-start=\"1015\" data-end=\"1068\">8 M\u00fcnzf\u00e4cher und 6 Geldscheinf\u00e4cher, 1 Belegschlitz<\/p>\n<\/li>\n<li data-start=\"1069\" data-end=\"1163\">\n<p data-start=\"1071\" data-end=\"1163\">Robustes Stahlgeh\u00e4use aus Edelstahl oder mit industrieller Oberfl\u00e4che in Schwarz oder Wei\u00df<\/p>\n<\/li>\n<li data-start=\"1164\" data-end=\"1201\">\n<p data-start=\"1166\" data-end=\"1201\">Standardanschluss f\u00fcr POS-Drucker<\/p>\n<\/li>\n<li data-start=\"1202\" data-end=\"1261\">\n<p data-start=\"1204\" data-end=\"1261\">Optional unter dem Tisch montierbar, um Platz zu sparen<\/p>\n<\/li>\n<li data-start=\"1262\" data-end=\"1312\">\n<p data-start=\"1264\" data-end=\"1312\">Schubladenma\u00dfe: 410 \u00d7 415 \u00d7 114 mm (B \u00d7 T \u00d7 H)<\/p>\n<\/li>\n<\/ul>\n","protected":false},"featured_media":11133,"template":"","meta":{"content-type":""},"product_brand":[],"product_cat":[627],"product_tag":[],"class_list":{"0":"post-11128","1":"product","2":"type-product","3":"status-publish","4":"has-post-thumbnail","6":"product_cat-kassenschubladen","8":"first","9":"instock","10":"taxable","11":"shipping-taxable","12":"purchasable","13":"product-type-simple"},"yoast_head":"<!-- This site is optimized with the Yoast SEO Premium plugin v26.1 (Yoast SEO v27.2) - https:\/\/yoast.com\/product\/yoast-seo-premium-wordpress\/ -->\n<title>Metapace K-1 kassalade - Bezorg Shop<\/title>\n<meta name=\"robots\" content=\"index, follow, max-snippet:-1, max-image-preview:large, max-video-preview:-1\" \/>\n<link rel=\"canonical\" href=\"https:\/\/staging.bezorgshop.com\/de\/produkt\/metapace-k-1-kassalade\/\" \/>\n<meta property=\"og:locale\" content=\"de_DE\" \/>\n<meta property=\"og:type\" content=\"article\" \/>\n<meta property=\"og:title\" content=\"Metapace K-1 kassalade\" \/>\n<meta property=\"og:description\" content=\"Technische Spezifikationen:     Robuste und stabile Kassenschublade    8 M\u00fcnzf\u00e4cher und 6 Geldscheinf\u00e4cher, 1 Belegschlitz    Robustes Stahlgeh\u00e4use aus Edelstahl oder mit industrieller Oberfl\u00e4che in Schwarz oder Wei\u00df    Standardanschluss f\u00fcr POS-Drucker    Optional unter dem Tisch montierbar, um Platz zu sparen    Schubladenma\u00dfe: 410 \u00d7 415 \u00d7 114 mm (B \u00d7 T \u00d7 H)\" \/>\n<meta property=\"og:url\" content=\"https:\/\/staging.bezorgshop.com\/de\/produkt\/metapace-k-1-kassalade\/\" \/>\n<meta property=\"og:site_name\" content=\"Bezorg Shop\" \/>\n<meta property=\"article:modified_time\" content=\"2026-02-27T07:30:21+00:00\" \/>\n<meta property=\"og:image\" content=\"https:\/\/staging.bezorgshop.com\/wp-content\/uploads\/kassalade-1.png\" \/>\n\t<meta property=\"og:image:width\" content=\"300\" \/>\n\t<meta property=\"og:image:height\" content=\"276\" \/>\n\t<meta property=\"og:image:type\" content=\"image\/png\" \/>\n<meta name=\"twitter:card\" content=\"summary_large_image\" \/>\n<meta name=\"twitter:label1\" content=\"Gesch\u00e4tzte Lesezeit\" \/>\n\t<meta name=\"twitter:data1\" content=\"1\u00a0Minute\" \/>\n<script type=\"application\/ld+json\" class=\"yoast-schema-graph\">{\"@context\":\"https:\/\/schema.org\",\"@graph\":[{\"@type\":\"WebPage\",\"@id\":\"https:\/\/staging.bezorgshop.com\/de\/produkt\/metapace-k-1-kassalade\/\",\"url\":\"https:\/\/staging.bezorgshop.com\/de\/produkt\/metapace-k-1-kassalade\/\",\"name\":\"Metapace K-1 kassalade - Bezorg Shop\",\"isPartOf\":{\"@id\":\"https:\/\/staging.bezorgshop.com\/#website\"},\"primaryImageOfPage\":{\"@id\":\"https:\/\/staging.bezorgshop.com\/de\/produkt\/metapace-k-1-kassalade\/#primaryimage\"},\"image\":{\"@id\":\"https:\/\/staging.bezorgshop.com\/de\/produkt\/metapace-k-1-kassalade\/#primaryimage\"},\"thumbnailUrl\":\"https:\/\/staging.bezorgshop.com\/wp-content\/uploads\/kassalade-1.png\",\"datePublished\":\"2026-02-18T05:18:25+00:00\",\"dateModified\":\"2026-02-27T07:30:21+00:00\",\"breadcrumb\":{\"@id\":\"https:\/\/staging.bezorgshop.com\/de\/produkt\/metapace-k-1-kassalade\/#breadcrumb\"},\"inLanguage\":\"de\",\"potentialAction\":[{\"@type\":\"ReadAction\",\"target\":[\"https:\/\/staging.bezorgshop.com\/de\/produkt\/metapace-k-1-kassalade\/\"]}]},{\"@type\":\"ImageObject\",\"inLanguage\":\"de\",\"@id\":\"https:\/\/staging.bezorgshop.com\/de\/produkt\/metapace-k-1-kassalade\/#primaryimage\",\"url\":\"https:\/\/staging.bezorgshop.com\/wp-content\/uploads\/kassalade-1.png\",\"contentUrl\":\"https:\/\/staging.bezorgshop.com\/wp-content\/uploads\/kassalade-1.png\",\"width\":300,\"height\":276},{\"@type\":\"BreadcrumbList\",\"@id\":\"https:\/\/staging.bezorgshop.com\/de\/produkt\/metapace-k-1-kassalade\/#breadcrumb\",\"itemListElement\":[{\"@type\":\"ListItem\",\"position\":1,\"name\":\"Startseite\",\"item\":\"https:\/\/staging.bezorgshop.com\/de\/\"},{\"@type\":\"ListItem\",\"position\":2,\"name\":\"Shop\",\"item\":\"https:\/\/staging.bezorgshop.com\/de\/shop_jer\/\"},{\"@type\":\"ListItem\",\"position\":3,\"name\":\"Metapace K-1 kassalade\"}]},{\"@type\":\"WebSite\",\"@id\":\"https:\/\/staging.bezorgshop.com\/#website\",\"url\":\"https:\/\/staging.bezorgshop.com\/\",\"name\":\"BezorgShop.com\",\"description\":\"Partner voor food delivery en Take Away restaurants!\",\"publisher\":{\"@id\":\"https:\/\/staging.bezorgshop.com\/#organization\"},\"potentialAction\":[{\"@type\":\"SearchAction\",\"target\":{\"@type\":\"EntryPoint\",\"urlTemplate\":\"https:\/\/staging.bezorgshop.com\/?s={search_term_string}\"},\"query-input\":{\"@type\":\"PropertyValueSpecification\",\"valueRequired\":true,\"valueName\":\"search_term_string\"}}],\"inLanguage\":\"de\"},{\"@type\":\"Organization\",\"@id\":\"https:\/\/staging.bezorgshop.com\/#organization\",\"name\":\"Bezorgshop.com\",\"url\":\"https:\/\/staging.bezorgshop.com\/\",\"logo\":{\"@type\":\"ImageObject\",\"inLanguage\":\"de\",\"@id\":\"https:\/\/staging.bezorgshop.com\/#\/schema\/logo\/image\/\",\"url\":\"https:\/\/staging.bezorgshop.com\/wp-content\/uploads\/bezorgshop.com_.png\",\"contentUrl\":\"https:\/\/staging.bezorgshop.com\/wp-content\/uploads\/bezorgshop.com_.png\",\"width\":569,\"height\":119,\"caption\":\"Bezorgshop.com\"},\"image\":{\"@id\":\"https:\/\/staging.bezorgshop.com\/#\/schema\/logo\/image\/\"},\"email\":\"info@bezorgshop.com\",\"foundingDate\":\"2024-05-01\",\"numberOfEmployees\":{\"@type\":\"QuantitativeValue\",\"minValue\":\"11\",\"maxValue\":\"50\"}}]}<\/script>\n<!-- \/ Yoast SEO Premium plugin. -->","yoast_head_json":{"title":"Metapace K-1 kassalade - Bezorg Shop","robots":{"index":"index","follow":"follow","max-snippet":"max-snippet:-1","max-image-preview":"max-image-preview:large","max-video-preview":"max-video-preview:-1"},"canonical":"https:\/\/staging.bezorgshop.com\/de\/produkt\/metapace-k-1-kassalade\/","og_locale":"de_DE","og_type":"article","og_title":"Metapace K-1 kassalade","og_description":"Technische Spezifikationen:     Robuste und stabile Kassenschublade    8 M\u00fcnzf\u00e4cher und 6 Geldscheinf\u00e4cher, 1 Belegschlitz    Robustes Stahlgeh\u00e4use aus Edelstahl oder mit industrieller Oberfl\u00e4che in Schwarz oder Wei\u00df    Standardanschluss f\u00fcr POS-Drucker    Optional unter dem Tisch montierbar, um Platz zu sparen    Schubladenma\u00dfe: 410 \u00d7 415 \u00d7 114 mm (B \u00d7 T \u00d7 H)","og_url":"https:\/\/staging.bezorgshop.com\/de\/produkt\/metapace-k-1-kassalade\/","og_site_name":"Bezorg Shop","article_modified_time":"2026-02-27T07:30:21+00:00","og_image":[{"width":300,"height":276,"url":"https:\/\/staging.bezorgshop.com\/wp-content\/uploads\/kassalade-1.png","type":"image\/png"}],"twitter_card":"summary_large_image","twitter_misc":{"Gesch\u00e4tzte Lesezeit":"1\u00a0Minute"},"schema":{"@context":"https:\/\/schema.org","@graph":[{"@type":"WebPage","@id":"https:\/\/staging.bezorgshop.com\/de\/produkt\/metapace-k-1-kassalade\/","url":"https:\/\/staging.bezorgshop.com\/de\/produkt\/metapace-k-1-kassalade\/","name":"Metapace K-1 kassalade - Bezorg Shop","isPartOf":{"@id":"https:\/\/staging.bezorgshop.com\/#website"},"primaryImageOfPage":{"@id":"https:\/\/staging.bezorgshop.com\/de\/produkt\/metapace-k-1-kassalade\/#primaryimage"},"image":{"@id":"https:\/\/staging.bezorgshop.com\/de\/produkt\/metapace-k-1-kassalade\/#primaryimage"},"thumbnailUrl":"https:\/\/staging.bezorgshop.com\/wp-content\/uploads\/kassalade-1.png","datePublished":"2026-02-18T05:18:25+00:00","dateModified":"2026-02-27T07:30:21+00:00","breadcrumb":{"@id":"https:\/\/staging.bezorgshop.com\/de\/produkt\/metapace-k-1-kassalade\/#breadcrumb"},"inLanguage":"de","potentialAction":[{"@type":"ReadAction","target":["https:\/\/staging.bezorgshop.com\/de\/produkt\/metapace-k-1-kassalade\/"]}]},{"@type":"ImageObject","inLanguage":"de","@id":"https:\/\/staging.bezorgshop.com\/de\/produkt\/metapace-k-1-kassalade\/#primaryimage","url":"https:\/\/staging.bezorgshop.com\/wp-content\/uploads\/kassalade-1.png","contentUrl":"https:\/\/staging.bezorgshop.com\/wp-content\/uploads\/kassalade-1.png","width":300,"height":276},{"@type":"BreadcrumbList","@id":"https:\/\/staging.bezorgshop.com\/de\/produkt\/metapace-k-1-kassalade\/#breadcrumb","itemListElement":[{"@type":"ListItem","position":1,"name":"Startseite","item":"https:\/\/staging.bezorgshop.com\/de\/"},{"@type":"ListItem","position":2,"name":"Shop","item":"https:\/\/staging.bezorgshop.com\/de\/shop_jer\/"},{"@type":"ListItem","position":3,"name":"Metapace K-1 kassalade"}]},{"@type":"WebSite","@id":"https:\/\/staging.bezorgshop.com\/#website","url":"https:\/\/staging.bezorgshop.com\/","name":"BezorgShop.com","description":"Partner voor food delivery en Take Away restaurants!","publisher":{"@id":"https:\/\/staging.bezorgshop.com\/#organization"},"potentialAction":[{"@type":"SearchAction","target":{"@type":"EntryPoint","urlTemplate":"https:\/\/staging.bezorgshop.com\/?s={search_term_string}"},"query-input":{"@type":"PropertyValueSpecification","valueRequired":true,"valueName":"search_term_string"}}],"inLanguage":"de"},{"@type":"Organization","@id":"https:\/\/staging.bezorgshop.com\/#organization","name":"Bezorgshop.com","url":"https:\/\/staging.bezorgshop.com\/","logo":{"@type":"ImageObject","inLanguage":"de","@id":"https:\/\/staging.bezorgshop.com\/#\/schema\/logo\/image\/","url":"https:\/\/staging.bezorgshop.com\/wp-content\/uploads\/bezorgshop.com_.png","contentUrl":"https:\/\/staging.bezorgshop.com\/wp-content\/uploads\/bezorgshop.com_.png","width":569,"height":119,"caption":"Bezorgshop.com"},"image":{"@id":"https:\/\/staging.bezorgshop.com\/#\/schema\/logo\/image\/"},"email":"info@bezorgshop.com","foundingDate":"2024-05-01","numberOfEmployees":{"@type":"QuantitativeValue","minValue":"11","maxValue":"50"}}]}},"_links":{"self":[{"href":"https:\/\/staging.bezorgshop.com\/de\/wp-json\/wp\/v2\/product\/11128","targetHints":{"allow":["GET"]}}],"collection":[{"href":"https:\/\/staging.bezorgshop.com\/de\/wp-json\/wp\/v2\/product"}],"about":[{"href":"https:\/\/staging.bezorgshop.com\/de\/wp-json\/wp\/v2\/types\/product"}],"version-history":[{"count":3,"href":"https:\/\/staging.bezorgshop.com\/de\/wp-json\/wp\/v2\/product\/11128\/revisions"}],"predecessor-version":[{"id":11829,"href":"https:\/\/staging.bezorgshop.com\/de\/wp-json\/wp\/v2\/product\/11128\/revisions\/11829"}],"wp:featuredmedia":[{"embeddable":true,"href":"https:\/\/staging.bezorgshop.com\/de\/wp-json\/wp\/v2\/media\/11133"}],"wp:attachment":[{"href":"https:\/\/staging.bezorgshop.com\/de\/wp-json\/wp\/v2\/media?parent=11128"}],"wp:term":[{"taxonomy":"product_brand","embeddable":true,"href":"https:\/\/staging.bezorgshop.com\/de\/wp-json\/wp\/v2\/product_brand?post=11128"},{"taxonomy":"product_cat","embeddable":true,"href":"https:\/\/staging.bezorgshop.com\/de\/wp-json\/wp\/v2\/product_cat?post=11128"},{"taxonomy":"product_tag","embeddable":true,"href":"https:\/\/staging.bezorgshop.com\/de\/wp-json\/wp\/v2\/product_tag?post=11128"}],"curies":[{"name":"wp","href":"https:\/\/api.w.org\/{rel}","templated":true}]}}