{"id":11104,"date":"2026-02-18T05:18:32","date_gmt":"2026-02-18T05:18:32","guid":{"rendered":"https:\/\/staging.bezorgshop.com\/?post_type=product&#038;p=11104"},"modified":"2026-03-10T02:35:30","modified_gmt":"2026-03-10T02:35:30","slug":"gps-tracker-voor-autos","status":"publish","type":"product","link":"https:\/\/staging.bezorgshop.com\/de\/produkt\/gps-tracker-voor-autos\/","title":{"rendered":"GPS-Tracker f\u00fcr Autos"},"content":{"rendered":"<p data-path-to-node=\"1\"><b data-path-to-node=\"1\" data-index-in-node=\"0\">FTX881 \u2013 geeignet f\u00fcr Lieferwagen und Roller<\/b><\/p>\n<p data-path-to-node=\"2\"><b data-path-to-node=\"2\" data-index-in-node=\"0\">Entdecken Sie die Welt der fortschrittlichen Navigation mit dem GPS-Tracker FTX881 \u2013 ein kompaktes und robustes Ger\u00e4t, das entwickelt wurde, um Sie immer und \u00fcberall in Verbindung zu halten. Mit einem Preis von nur 124,95 \u20ac bietet dieser Tracker High-End-Technologie zum Greifen nah. Der FTX881 ist direkt ab Lager lieferbar und damit der perfekte Partner f\u00fcr den t\u00e4glichen Gebrauch sowie f\u00fcr abenteuerliche Reisen.<\/b><\/p>\n<p data-path-to-node=\"3\"><b data-path-to-node=\"3\" data-index-in-node=\"0\">Dieser GPS-Tracker zeichnet sich durch seine pr\u00e4zise Standortbestimmung und zuverl\u00e4ssige Tracking-Funktionen aus. Ob es um die \u00dcberwachung wertvoller G\u00fcter oder die Sicherheit Ihrer Liebsten geht \u2013 alles l\u00e4sst sich bequem \u00fcber eine benutzerfreundliche Oberfl\u00e4che verwalten. Seine Langlebigkeit garantiert volle Funktionalit\u00e4t selbst unter extremsten Bedingungen; ideal f\u00fcr Abenteurer, die keine Grenzen kennen.<\/b><\/p>\n<p data-path-to-node=\"4\"><b data-path-to-node=\"4\" data-index-in-node=\"0\">Dar\u00fcber hinaus l\u00e4sst sich dieses Ger\u00e4t m\u00fchelos in verschiedene Navigationssysteme integrieren, sodass Sie sich auf Reisen oder bei Outdoor-Aktivit\u00e4ten nie wieder verirren. Mit Echtzeit-Updates sind Sie immer auf dem Laufenden, was f\u00fcr zus\u00e4tzliche Sicherheit sorgt, wenn es darauf ankommt. Von Fachleuten besonders empfohlen!<\/b><\/p>\n","protected":false},"excerpt":{"rendered":"<p data-start=\"535\" data-end=\"557\"><strong data-start=\"535\" data-end=\"557\">Was ben\u00f6tigen Sie?<\/strong><\/p>\n<ul data-start=\"559\" data-end=\"716\">\n<li data-start=\"559\" data-end=\"624\">\n<p data-start=\"561\" data-end=\"624\">Ein Abonnement, um den Tracker zu betreiben: \u20ac 6,99 pro Monat<\/p>\n<\/li>\n<li data-start=\"625\" data-end=\"716\">\n<p data-start=\"627\" data-end=\"716\">Ein Abonnement, um den Tracker in Ihrem POS-System sichtbar zu machen: \u20ac 3,50 pro Monat<\/p>\n<\/li>\n<\/ul>\n","protected":false},"featured_media":11105,"template":"","meta":{"content-type":""},"product_brand":[],"product_cat":[605],"product_tag":[],"class_list":{"0":"post-11104","1":"product","2":"type-product","3":"status-publish","4":"has-post-thumbnail","6":"product_cat-gps-trackers","7":"product_shipping_class-standard-de","9":"first","10":"instock","11":"taxable","12":"shipping-taxable","13":"purchasable","14":"product-type-simple"},"yoast_head":"<!-- This site is optimized with the Yoast SEO Premium plugin v26.1 (Yoast SEO v27.2) - https:\/\/yoast.com\/product\/yoast-seo-premium-wordpress\/ -->\n<title>GPS tracker FTX881: Altijd Nauwkeurige Navigatie voor \u20ac124,95 \u00a0<\/title>\n<meta name=\"description\" content=\"Ontdek de FTX881 GPS tracker: scherp geprijsd op \u20ac124,95, altijd voorradig. Ideaal voor nauwkeurige navigatie en tracking! \u00a0\" \/>\n<meta name=\"robots\" content=\"index, follow, max-snippet:-1, max-image-preview:large, max-video-preview:-1\" \/>\n<link rel=\"canonical\" href=\"https:\/\/staging.bezorgshop.com\/de\/produkt\/gps-tracker-voor-autos\/\" \/>\n<meta property=\"og:locale\" content=\"de_DE\" \/>\n<meta property=\"og:type\" content=\"article\" \/>\n<meta property=\"og:title\" content=\"GPS tracker FTX881: Altijd Nauwkeurige Navigatie voor \u20ac124,95 \u00a0\" \/>\n<meta property=\"og:description\" content=\"Ontdek waardevolle rust met de GPS tracker FTX881. Altijd op voorraad, slechts \u20ac124,95. Perfect voor nauwkeurige navigatie en tracking! \u00a0\" \/>\n<meta property=\"og:url\" content=\"https:\/\/staging.bezorgshop.com\/de\/produkt\/gps-tracker-voor-autos\/\" \/>\n<meta property=\"og:site_name\" content=\"Bezorg Shop\" \/>\n<meta property=\"article:modified_time\" content=\"2026-03-10T02:35:30+00:00\" \/>\n<meta property=\"og:image\" content=\"https:\/\/staging.bezorgshop.com\/wp-content\/uploads\/FTX88X-removebg-preview-1.png\" \/>\n\t<meta property=\"og:image:width\" content=\"666\" \/>\n\t<meta property=\"og:image:height\" content=\"375\" \/>\n\t<meta property=\"og:image:type\" content=\"image\/png\" \/>\n<meta name=\"twitter:card\" content=\"summary_large_image\" \/>\n<meta name=\"twitter:title\" content=\"GPS tracker FTX881: Altijd Nauwkeurige Navigatie voor \u20ac124,95 \u00a0\" \/>\n<meta name=\"twitter:description\" content=\"Ontdek waardevolle rust met de GPS tracker FTX881. Altijd op voorraad, slechts \u20ac124,95. Perfect voor nauwkeurige navigatie en tracking! \u00a0\" \/>\n<meta name=\"twitter:label1\" content=\"Gesch\u00e4tzte Lesezeit\" \/>\n\t<meta name=\"twitter:data1\" content=\"1\u00a0Minute\" \/>\n<script type=\"application\/ld+json\" class=\"yoast-schema-graph\">{\"@context\":\"https:\/\/schema.org\",\"@graph\":[{\"@type\":\"WebPage\",\"@id\":\"https:\/\/staging.bezorgshop.com\/de\/produkt\/gps-tracker-voor-autos\/\",\"url\":\"https:\/\/staging.bezorgshop.com\/de\/produkt\/gps-tracker-voor-autos\/\",\"name\":\"GPS tracker FTX881: Altijd Nauwkeurige Navigatie voor \u20ac124,95 \u00a0\",\"isPartOf\":{\"@id\":\"https:\/\/staging.bezorgshop.com\/#website\"},\"primaryImageOfPage\":{\"@id\":\"https:\/\/staging.bezorgshop.com\/de\/produkt\/gps-tracker-voor-autos\/#primaryimage\"},\"image\":{\"@id\":\"https:\/\/staging.bezorgshop.com\/de\/produkt\/gps-tracker-voor-autos\/#primaryimage\"},\"thumbnailUrl\":\"https:\/\/staging.bezorgshop.com\/wp-content\/uploads\/FTX88X-removebg-preview-1.png\",\"datePublished\":\"2026-02-18T05:18:32+00:00\",\"dateModified\":\"2026-03-10T02:35:30+00:00\",\"description\":\"Ontdek de FTX881 GPS tracker: scherp geprijsd op \u20ac124,95, altijd voorradig. Ideaal voor nauwkeurige navigatie en tracking! \u00a0\",\"breadcrumb\":{\"@id\":\"https:\/\/staging.bezorgshop.com\/de\/produkt\/gps-tracker-voor-autos\/#breadcrumb\"},\"inLanguage\":\"de\",\"potentialAction\":[{\"@type\":\"ReadAction\",\"target\":[\"https:\/\/staging.bezorgshop.com\/de\/produkt\/gps-tracker-voor-autos\/\"]}]},{\"@type\":\"ImageObject\",\"inLanguage\":\"de\",\"@id\":\"https:\/\/staging.bezorgshop.com\/de\/produkt\/gps-tracker-voor-autos\/#primaryimage\",\"url\":\"https:\/\/staging.bezorgshop.com\/wp-content\/uploads\/FTX88X-removebg-preview-1.png\",\"contentUrl\":\"https:\/\/staging.bezorgshop.com\/wp-content\/uploads\/FTX88X-removebg-preview-1.png\",\"width\":666,\"height\":375},{\"@type\":\"BreadcrumbList\",\"@id\":\"https:\/\/staging.bezorgshop.com\/de\/produkt\/gps-tracker-voor-autos\/#breadcrumb\",\"itemListElement\":[{\"@type\":\"ListItem\",\"position\":1,\"name\":\"Startseite\",\"item\":\"https:\/\/staging.bezorgshop.com\/de\/\"},{\"@type\":\"ListItem\",\"position\":2,\"name\":\"Shop\",\"item\":\"https:\/\/staging.bezorgshop.com\/de\/shop_jer\/\"},{\"@type\":\"ListItem\",\"position\":3,\"name\":\"GPS-Tracker f\u00fcr Autos\"}]},{\"@type\":\"WebSite\",\"@id\":\"https:\/\/staging.bezorgshop.com\/#website\",\"url\":\"https:\/\/staging.bezorgshop.com\/\",\"name\":\"BezorgShop.com\",\"description\":\"Partner voor food delivery en Take Away restaurants!\",\"publisher\":{\"@id\":\"https:\/\/staging.bezorgshop.com\/#organization\"},\"potentialAction\":[{\"@type\":\"SearchAction\",\"target\":{\"@type\":\"EntryPoint\",\"urlTemplate\":\"https:\/\/staging.bezorgshop.com\/?s={search_term_string}\"},\"query-input\":{\"@type\":\"PropertyValueSpecification\",\"valueRequired\":true,\"valueName\":\"search_term_string\"}}],\"inLanguage\":\"de\"},{\"@type\":\"Organization\",\"@id\":\"https:\/\/staging.bezorgshop.com\/#organization\",\"name\":\"Bezorgshop.com\",\"url\":\"https:\/\/staging.bezorgshop.com\/\",\"logo\":{\"@type\":\"ImageObject\",\"inLanguage\":\"de\",\"@id\":\"https:\/\/staging.bezorgshop.com\/#\/schema\/logo\/image\/\",\"url\":\"https:\/\/staging.bezorgshop.com\/wp-content\/uploads\/bezorgshop.com_.png\",\"contentUrl\":\"https:\/\/staging.bezorgshop.com\/wp-content\/uploads\/bezorgshop.com_.png\",\"width\":569,\"height\":119,\"caption\":\"Bezorgshop.com\"},\"image\":{\"@id\":\"https:\/\/staging.bezorgshop.com\/#\/schema\/logo\/image\/\"},\"email\":\"info@bezorgshop.com\",\"foundingDate\":\"2024-05-01\",\"numberOfEmployees\":{\"@type\":\"QuantitativeValue\",\"minValue\":\"11\",\"maxValue\":\"50\"}}]}<\/script>\n<!-- \/ Yoast SEO Premium plugin. -->","yoast_head_json":{"title":"GPS tracker FTX881: Altijd Nauwkeurige Navigatie voor \u20ac124,95 \u00a0","description":"Ontdek de FTX881 GPS tracker: scherp geprijsd op \u20ac124,95, altijd voorradig. Ideaal voor nauwkeurige navigatie en tracking! \u00a0","robots":{"index":"index","follow":"follow","max-snippet":"max-snippet:-1","max-image-preview":"max-image-preview:large","max-video-preview":"max-video-preview:-1"},"canonical":"https:\/\/staging.bezorgshop.com\/de\/produkt\/gps-tracker-voor-autos\/","og_locale":"de_DE","og_type":"article","og_title":"GPS tracker FTX881: Altijd Nauwkeurige Navigatie voor \u20ac124,95 \u00a0","og_description":"Ontdek waardevolle rust met de GPS tracker FTX881. Altijd op voorraad, slechts \u20ac124,95. Perfect voor nauwkeurige navigatie en tracking! \u00a0","og_url":"https:\/\/staging.bezorgshop.com\/de\/produkt\/gps-tracker-voor-autos\/","og_site_name":"Bezorg Shop","article_modified_time":"2026-03-10T02:35:30+00:00","og_image":[{"width":666,"height":375,"url":"https:\/\/staging.bezorgshop.com\/wp-content\/uploads\/FTX88X-removebg-preview-1.png","type":"image\/png"}],"twitter_card":"summary_large_image","twitter_title":"GPS tracker FTX881: Altijd Nauwkeurige Navigatie voor \u20ac124,95 \u00a0","twitter_description":"Ontdek waardevolle rust met de GPS tracker FTX881. Altijd op voorraad, slechts \u20ac124,95. Perfect voor nauwkeurige navigatie en tracking! \u00a0","twitter_misc":{"Gesch\u00e4tzte Lesezeit":"1\u00a0Minute"},"schema":{"@context":"https:\/\/schema.org","@graph":[{"@type":"WebPage","@id":"https:\/\/staging.bezorgshop.com\/de\/produkt\/gps-tracker-voor-autos\/","url":"https:\/\/staging.bezorgshop.com\/de\/produkt\/gps-tracker-voor-autos\/","name":"GPS tracker FTX881: Altijd Nauwkeurige Navigatie voor \u20ac124,95 \u00a0","isPartOf":{"@id":"https:\/\/staging.bezorgshop.com\/#website"},"primaryImageOfPage":{"@id":"https:\/\/staging.bezorgshop.com\/de\/produkt\/gps-tracker-voor-autos\/#primaryimage"},"image":{"@id":"https:\/\/staging.bezorgshop.com\/de\/produkt\/gps-tracker-voor-autos\/#primaryimage"},"thumbnailUrl":"https:\/\/staging.bezorgshop.com\/wp-content\/uploads\/FTX88X-removebg-preview-1.png","datePublished":"2026-02-18T05:18:32+00:00","dateModified":"2026-03-10T02:35:30+00:00","description":"Ontdek de FTX881 GPS tracker: scherp geprijsd op \u20ac124,95, altijd voorradig. Ideaal voor nauwkeurige navigatie en tracking! \u00a0","breadcrumb":{"@id":"https:\/\/staging.bezorgshop.com\/de\/produkt\/gps-tracker-voor-autos\/#breadcrumb"},"inLanguage":"de","potentialAction":[{"@type":"ReadAction","target":["https:\/\/staging.bezorgshop.com\/de\/produkt\/gps-tracker-voor-autos\/"]}]},{"@type":"ImageObject","inLanguage":"de","@id":"https:\/\/staging.bezorgshop.com\/de\/produkt\/gps-tracker-voor-autos\/#primaryimage","url":"https:\/\/staging.bezorgshop.com\/wp-content\/uploads\/FTX88X-removebg-preview-1.png","contentUrl":"https:\/\/staging.bezorgshop.com\/wp-content\/uploads\/FTX88X-removebg-preview-1.png","width":666,"height":375},{"@type":"BreadcrumbList","@id":"https:\/\/staging.bezorgshop.com\/de\/produkt\/gps-tracker-voor-autos\/#breadcrumb","itemListElement":[{"@type":"ListItem","position":1,"name":"Startseite","item":"https:\/\/staging.bezorgshop.com\/de\/"},{"@type":"ListItem","position":2,"name":"Shop","item":"https:\/\/staging.bezorgshop.com\/de\/shop_jer\/"},{"@type":"ListItem","position":3,"name":"GPS-Tracker f\u00fcr Autos"}]},{"@type":"WebSite","@id":"https:\/\/staging.bezorgshop.com\/#website","url":"https:\/\/staging.bezorgshop.com\/","name":"BezorgShop.com","description":"Partner voor food delivery en Take Away restaurants!","publisher":{"@id":"https:\/\/staging.bezorgshop.com\/#organization"},"potentialAction":[{"@type":"SearchAction","target":{"@type":"EntryPoint","urlTemplate":"https:\/\/staging.bezorgshop.com\/?s={search_term_string}"},"query-input":{"@type":"PropertyValueSpecification","valueRequired":true,"valueName":"search_term_string"}}],"inLanguage":"de"},{"@type":"Organization","@id":"https:\/\/staging.bezorgshop.com\/#organization","name":"Bezorgshop.com","url":"https:\/\/staging.bezorgshop.com\/","logo":{"@type":"ImageObject","inLanguage":"de","@id":"https:\/\/staging.bezorgshop.com\/#\/schema\/logo\/image\/","url":"https:\/\/staging.bezorgshop.com\/wp-content\/uploads\/bezorgshop.com_.png","contentUrl":"https:\/\/staging.bezorgshop.com\/wp-content\/uploads\/bezorgshop.com_.png","width":569,"height":119,"caption":"Bezorgshop.com"},"image":{"@id":"https:\/\/staging.bezorgshop.com\/#\/schema\/logo\/image\/"},"email":"info@bezorgshop.com","foundingDate":"2024-05-01","numberOfEmployees":{"@type":"QuantitativeValue","minValue":"11","maxValue":"50"}}]}},"_links":{"self":[{"href":"https:\/\/staging.bezorgshop.com\/de\/wp-json\/wp\/v2\/product\/11104","targetHints":{"allow":["GET"]}}],"collection":[{"href":"https:\/\/staging.bezorgshop.com\/de\/wp-json\/wp\/v2\/product"}],"about":[{"href":"https:\/\/staging.bezorgshop.com\/de\/wp-json\/wp\/v2\/types\/product"}],"version-history":[{"count":4,"href":"https:\/\/staging.bezorgshop.com\/de\/wp-json\/wp\/v2\/product\/11104\/revisions"}],"predecessor-version":[{"id":12871,"href":"https:\/\/staging.bezorgshop.com\/de\/wp-json\/wp\/v2\/product\/11104\/revisions\/12871"}],"wp:featuredmedia":[{"embeddable":true,"href":"https:\/\/staging.bezorgshop.com\/de\/wp-json\/wp\/v2\/media\/11105"}],"wp:attachment":[{"href":"https:\/\/staging.bezorgshop.com\/de\/wp-json\/wp\/v2\/media?parent=11104"}],"wp:term":[{"taxonomy":"product_brand","embeddable":true,"href":"https:\/\/staging.bezorgshop.com\/de\/wp-json\/wp\/v2\/product_brand?post=11104"},{"taxonomy":"product_cat","embeddable":true,"href":"https:\/\/staging.bezorgshop.com\/de\/wp-json\/wp\/v2\/product_cat?post=11104"},{"taxonomy":"product_tag","embeddable":true,"href":"https:\/\/staging.bezorgshop.com\/de\/wp-json\/wp\/v2\/product_tag?post=11104"}],"curies":[{"name":"wp","href":"https:\/\/api.w.org\/{rel}","templated":true}]}}