{"id":11034,"date":"2026-02-18T05:18:38","date_gmt":"2026-02-18T05:18:38","guid":{"rendered":"https:\/\/staging.bezorgshop.com\/?post_type=product&#038;p=11034"},"modified":"2026-03-10T02:34:20","modified_gmt":"2026-03-10T02:34:20","slug":"toetsenbord-en-muis","status":"publish","type":"product","link":"https:\/\/staging.bezorgshop.com\/de\/produkt\/toetsenbord-en-muis\/","title":{"rendered":"Tastatur und Maus"},"content":{"rendered":"<p data-path-to-node=\"1\"><b data-path-to-node=\"1\" data-index-in-node=\"0\">Entdecken Sie den Komfort unserer Tastatur- und Maus-Kombination f\u00fcr nur 35,00 \u20ac! Dieses Set ist mit dem Status \u201eauf Lager\u201c sofort einsatzbereit. Praktisch in der Anwendung und einfach zu installieren \u2013 dieses Duo ist die perfekte Erg\u00e4nzung f\u00fcr jeden Arbeitsplatz. Das stilvolle, schlanke Design f\u00fcgt sich nahtlos in Ihren Schreibtisch ein und wurde sorgf\u00e4ltig entwickelt, um Komfort bei langen Arbeitssitzungen zu gew\u00e4hrleisten.<\/b><\/p>\n<p data-path-to-node=\"2\"><b data-path-to-node=\"2\" data-index-in-node=\"0\">Unsere Tastatur bietet ein reaktionsschnelles Tippgef\u00fchl mit deutlich sp\u00fcrbarem Tastendruck, w\u00e4hrend sich die Maus ruckelfrei \u00fcber verschiedene Oberfl\u00e4chen bewegt. Egal, ob Sie Berichte schreiben oder durch komplexe Tabellenkalkulationen navigieren, diese Kombination steigert Ihre Produktivit\u00e4t und Pr\u00e4zision.<\/b><\/p>\n<p data-path-to-node=\"3\"><b data-path-to-node=\"3\" data-index-in-node=\"0\">Jedes Detail, von den langlebigen Kabeln bis hin zu den zuverl\u00e4ssigen USB-Anschl\u00fcssen, wurde mit Blick auf Qualit\u00e4t gefertigt \u2013 unverzichtbar f\u00fcr Profis und Heimanwender gleicherma\u00dfen. Bringen Sie Einfachheit in Ihren Alltag: Investieren Sie in Werkzeuge, die genauso hart arbeiten wie Sie.<\/b><\/p>\n","protected":false},"excerpt":{"rendered":"<p><strong data-start=\"944\" data-end=\"1032\">Entdecken Sie ultimativen Komfort mit diesem Tastatur- und Maus-Set f\u00fcr nur \u20ac 35,00!<\/strong><br data-start=\"1032\" data-end=\"1035\" \/>Sofort ab Lager verf\u00fcgbar. Ideal f\u00fcr Ihr Restaurant, wo Pr\u00e4zision und Komfort aufeinandertreffen. Profitieren Sie von der schnellen Tastenreaktion und einer reibungslosen Navigation dank der pr\u00e4zisen Maus. Perfekt abgestimmt, um Ihre digitale Arbeitsumgebung zu verbessern. Bestellen Sie jetzt dieses unverzichtbare Zubeh\u00f6r!<\/p>\n","protected":false},"featured_media":11035,"template":"","meta":{"content-type":""},"product_brand":[],"product_cat":[603],"product_tag":[],"class_list":{"0":"post-11034","1":"product","2":"type-product","3":"status-publish","4":"has-post-thumbnail","6":"product_cat-accessories","7":"product_shipping_class-standard-de","9":"first","10":"instock","11":"taxable","12":"shipping-taxable","13":"purchasable","14":"product-type-simple"},"yoast_head":"<!-- This site is optimized with the Yoast SEO Premium plugin v26.1 (Yoast SEO v27.2) - https:\/\/yoast.com\/product\/yoast-seo-premium-wordpress\/ -->\n<title>Toetsenbord en Muis Set, Nu Beschikbaar voor Slechts \u20ac35 \u00a0<\/title>\n<meta name=\"description\" content=\"Ontdek het comfort van ons toetsenbord en muis voor slechts \u20ac35,00; altijd op voorraad. Ideaal voor elke taak, thuis of op kantoor! \u00a0\" \/>\n<meta name=\"robots\" content=\"index, follow, max-snippet:-1, max-image-preview:large, max-video-preview:-1\" \/>\n<link rel=\"canonical\" href=\"https:\/\/staging.bezorgshop.com\/de\/produkt\/toetsenbord-en-muis\/\" \/>\n<meta property=\"og:locale\" content=\"de_DE\" \/>\n<meta property=\"og:type\" content=\"article\" \/>\n<meta property=\"og:title\" content=\"Toetsenbord en Muis Set, Nu Beschikbaar voor Slechts \u20ac35 \u00a0\" \/>\n<meta property=\"og:description\" content=\"Ontdek de perfecte werkomgeving: Toetsenbord en muis voor slechts \u20ac35,00! Altijd op voorraad, ideaal voor elke taak. \u00a0\" \/>\n<meta property=\"og:url\" content=\"https:\/\/staging.bezorgshop.com\/de\/produkt\/toetsenbord-en-muis\/\" \/>\n<meta property=\"og:site_name\" content=\"Bezorg Shop\" \/>\n<meta property=\"article:modified_time\" content=\"2026-03-10T02:34:20+00:00\" \/>\n<meta property=\"og:image\" content=\"https:\/\/staging.bezorgshop.com\/wp-content\/uploads\/Toestenbord-en-muis-1.jpg\" \/>\n\t<meta property=\"og:image:width\" content=\"600\" \/>\n\t<meta property=\"og:image:height\" content=\"600\" \/>\n\t<meta property=\"og:image:type\" content=\"image\/jpeg\" \/>\n<meta name=\"twitter:card\" content=\"summary_large_image\" \/>\n<meta name=\"twitter:title\" content=\"Toetsenbord en Muis Set, Nu Beschikbaar voor Slechts \u20ac35 \u00a0\" \/>\n<meta name=\"twitter:description\" content=\"Ontdek de perfecte werkomgeving: Toetsenbord en muis voor slechts \u20ac35,00! Altijd op voorraad, ideaal voor elke taak. \u00a0\" \/>\n<meta name=\"twitter:label1\" content=\"Gesch\u00e4tzte Lesezeit\" \/>\n\t<meta name=\"twitter:data1\" content=\"1\u00a0Minute\" \/>\n<script type=\"application\/ld+json\" class=\"yoast-schema-graph\">{\"@context\":\"https:\/\/schema.org\",\"@graph\":[{\"@type\":\"WebPage\",\"@id\":\"https:\/\/staging.bezorgshop.com\/de\/produkt\/toetsenbord-en-muis\/\",\"url\":\"https:\/\/staging.bezorgshop.com\/de\/produkt\/toetsenbord-en-muis\/\",\"name\":\"Toetsenbord en Muis Set, Nu Beschikbaar voor Slechts \u20ac35 \u00a0\",\"isPartOf\":{\"@id\":\"https:\/\/staging.bezorgshop.com\/#website\"},\"primaryImageOfPage\":{\"@id\":\"https:\/\/staging.bezorgshop.com\/de\/produkt\/toetsenbord-en-muis\/#primaryimage\"},\"image\":{\"@id\":\"https:\/\/staging.bezorgshop.com\/de\/produkt\/toetsenbord-en-muis\/#primaryimage\"},\"thumbnailUrl\":\"https:\/\/staging.bezorgshop.com\/wp-content\/uploads\/Toestenbord-en-muis-1.jpg\",\"datePublished\":\"2026-02-18T05:18:38+00:00\",\"dateModified\":\"2026-03-10T02:34:20+00:00\",\"description\":\"Ontdek het comfort van ons toetsenbord en muis voor slechts \u20ac35,00; altijd op voorraad. Ideaal voor elke taak, thuis of op kantoor! \u00a0\",\"breadcrumb\":{\"@id\":\"https:\/\/staging.bezorgshop.com\/de\/produkt\/toetsenbord-en-muis\/#breadcrumb\"},\"inLanguage\":\"de\",\"potentialAction\":[{\"@type\":\"ReadAction\",\"target\":[\"https:\/\/staging.bezorgshop.com\/de\/produkt\/toetsenbord-en-muis\/\"]}]},{\"@type\":\"ImageObject\",\"inLanguage\":\"de\",\"@id\":\"https:\/\/staging.bezorgshop.com\/de\/produkt\/toetsenbord-en-muis\/#primaryimage\",\"url\":\"https:\/\/staging.bezorgshop.com\/wp-content\/uploads\/Toestenbord-en-muis-1.jpg\",\"contentUrl\":\"https:\/\/staging.bezorgshop.com\/wp-content\/uploads\/Toestenbord-en-muis-1.jpg\",\"width\":600,\"height\":600},{\"@type\":\"BreadcrumbList\",\"@id\":\"https:\/\/staging.bezorgshop.com\/de\/produkt\/toetsenbord-en-muis\/#breadcrumb\",\"itemListElement\":[{\"@type\":\"ListItem\",\"position\":1,\"name\":\"Startseite\",\"item\":\"https:\/\/staging.bezorgshop.com\/de\/\"},{\"@type\":\"ListItem\",\"position\":2,\"name\":\"Shop\",\"item\":\"https:\/\/staging.bezorgshop.com\/de\/shop_jer\/\"},{\"@type\":\"ListItem\",\"position\":3,\"name\":\"Tastatur und Maus\"}]},{\"@type\":\"WebSite\",\"@id\":\"https:\/\/staging.bezorgshop.com\/#website\",\"url\":\"https:\/\/staging.bezorgshop.com\/\",\"name\":\"BezorgShop.com\",\"description\":\"Partner voor food delivery en Take Away restaurants!\",\"publisher\":{\"@id\":\"https:\/\/staging.bezorgshop.com\/#organization\"},\"potentialAction\":[{\"@type\":\"SearchAction\",\"target\":{\"@type\":\"EntryPoint\",\"urlTemplate\":\"https:\/\/staging.bezorgshop.com\/?s={search_term_string}\"},\"query-input\":{\"@type\":\"PropertyValueSpecification\",\"valueRequired\":true,\"valueName\":\"search_term_string\"}}],\"inLanguage\":\"de\"},{\"@type\":\"Organization\",\"@id\":\"https:\/\/staging.bezorgshop.com\/#organization\",\"name\":\"Bezorgshop.com\",\"url\":\"https:\/\/staging.bezorgshop.com\/\",\"logo\":{\"@type\":\"ImageObject\",\"inLanguage\":\"de\",\"@id\":\"https:\/\/staging.bezorgshop.com\/#\/schema\/logo\/image\/\",\"url\":\"https:\/\/staging.bezorgshop.com\/wp-content\/uploads\/bezorgshop.com_.png\",\"contentUrl\":\"https:\/\/staging.bezorgshop.com\/wp-content\/uploads\/bezorgshop.com_.png\",\"width\":569,\"height\":119,\"caption\":\"Bezorgshop.com\"},\"image\":{\"@id\":\"https:\/\/staging.bezorgshop.com\/#\/schema\/logo\/image\/\"},\"email\":\"info@bezorgshop.com\",\"foundingDate\":\"2024-05-01\",\"numberOfEmployees\":{\"@type\":\"QuantitativeValue\",\"minValue\":\"11\",\"maxValue\":\"50\"}}]}<\/script>\n<!-- \/ Yoast SEO Premium plugin. -->","yoast_head_json":{"title":"Toetsenbord en Muis Set, Nu Beschikbaar voor Slechts \u20ac35 \u00a0","description":"Ontdek het comfort van ons toetsenbord en muis voor slechts \u20ac35,00; altijd op voorraad. Ideaal voor elke taak, thuis of op kantoor! \u00a0","robots":{"index":"index","follow":"follow","max-snippet":"max-snippet:-1","max-image-preview":"max-image-preview:large","max-video-preview":"max-video-preview:-1"},"canonical":"https:\/\/staging.bezorgshop.com\/de\/produkt\/toetsenbord-en-muis\/","og_locale":"de_DE","og_type":"article","og_title":"Toetsenbord en Muis Set, Nu Beschikbaar voor Slechts \u20ac35 \u00a0","og_description":"Ontdek de perfecte werkomgeving: Toetsenbord en muis voor slechts \u20ac35,00! Altijd op voorraad, ideaal voor elke taak. \u00a0","og_url":"https:\/\/staging.bezorgshop.com\/de\/produkt\/toetsenbord-en-muis\/","og_site_name":"Bezorg Shop","article_modified_time":"2026-03-10T02:34:20+00:00","og_image":[{"width":600,"height":600,"url":"https:\/\/staging.bezorgshop.com\/wp-content\/uploads\/Toestenbord-en-muis-1.jpg","type":"image\/jpeg"}],"twitter_card":"summary_large_image","twitter_title":"Toetsenbord en Muis Set, Nu Beschikbaar voor Slechts \u20ac35 \u00a0","twitter_description":"Ontdek de perfecte werkomgeving: Toetsenbord en muis voor slechts \u20ac35,00! Altijd op voorraad, ideaal voor elke taak. \u00a0","twitter_misc":{"Gesch\u00e4tzte Lesezeit":"1\u00a0Minute"},"schema":{"@context":"https:\/\/schema.org","@graph":[{"@type":"WebPage","@id":"https:\/\/staging.bezorgshop.com\/de\/produkt\/toetsenbord-en-muis\/","url":"https:\/\/staging.bezorgshop.com\/de\/produkt\/toetsenbord-en-muis\/","name":"Toetsenbord en Muis Set, Nu Beschikbaar voor Slechts \u20ac35 \u00a0","isPartOf":{"@id":"https:\/\/staging.bezorgshop.com\/#website"},"primaryImageOfPage":{"@id":"https:\/\/staging.bezorgshop.com\/de\/produkt\/toetsenbord-en-muis\/#primaryimage"},"image":{"@id":"https:\/\/staging.bezorgshop.com\/de\/produkt\/toetsenbord-en-muis\/#primaryimage"},"thumbnailUrl":"https:\/\/staging.bezorgshop.com\/wp-content\/uploads\/Toestenbord-en-muis-1.jpg","datePublished":"2026-02-18T05:18:38+00:00","dateModified":"2026-03-10T02:34:20+00:00","description":"Ontdek het comfort van ons toetsenbord en muis voor slechts \u20ac35,00; altijd op voorraad. Ideaal voor elke taak, thuis of op kantoor! \u00a0","breadcrumb":{"@id":"https:\/\/staging.bezorgshop.com\/de\/produkt\/toetsenbord-en-muis\/#breadcrumb"},"inLanguage":"de","potentialAction":[{"@type":"ReadAction","target":["https:\/\/staging.bezorgshop.com\/de\/produkt\/toetsenbord-en-muis\/"]}]},{"@type":"ImageObject","inLanguage":"de","@id":"https:\/\/staging.bezorgshop.com\/de\/produkt\/toetsenbord-en-muis\/#primaryimage","url":"https:\/\/staging.bezorgshop.com\/wp-content\/uploads\/Toestenbord-en-muis-1.jpg","contentUrl":"https:\/\/staging.bezorgshop.com\/wp-content\/uploads\/Toestenbord-en-muis-1.jpg","width":600,"height":600},{"@type":"BreadcrumbList","@id":"https:\/\/staging.bezorgshop.com\/de\/produkt\/toetsenbord-en-muis\/#breadcrumb","itemListElement":[{"@type":"ListItem","position":1,"name":"Startseite","item":"https:\/\/staging.bezorgshop.com\/de\/"},{"@type":"ListItem","position":2,"name":"Shop","item":"https:\/\/staging.bezorgshop.com\/de\/shop_jer\/"},{"@type":"ListItem","position":3,"name":"Tastatur und Maus"}]},{"@type":"WebSite","@id":"https:\/\/staging.bezorgshop.com\/#website","url":"https:\/\/staging.bezorgshop.com\/","name":"BezorgShop.com","description":"Partner voor food delivery en Take Away restaurants!","publisher":{"@id":"https:\/\/staging.bezorgshop.com\/#organization"},"potentialAction":[{"@type":"SearchAction","target":{"@type":"EntryPoint","urlTemplate":"https:\/\/staging.bezorgshop.com\/?s={search_term_string}"},"query-input":{"@type":"PropertyValueSpecification","valueRequired":true,"valueName":"search_term_string"}}],"inLanguage":"de"},{"@type":"Organization","@id":"https:\/\/staging.bezorgshop.com\/#organization","name":"Bezorgshop.com","url":"https:\/\/staging.bezorgshop.com\/","logo":{"@type":"ImageObject","inLanguage":"de","@id":"https:\/\/staging.bezorgshop.com\/#\/schema\/logo\/image\/","url":"https:\/\/staging.bezorgshop.com\/wp-content\/uploads\/bezorgshop.com_.png","contentUrl":"https:\/\/staging.bezorgshop.com\/wp-content\/uploads\/bezorgshop.com_.png","width":569,"height":119,"caption":"Bezorgshop.com"},"image":{"@id":"https:\/\/staging.bezorgshop.com\/#\/schema\/logo\/image\/"},"email":"info@bezorgshop.com","foundingDate":"2024-05-01","numberOfEmployees":{"@type":"QuantitativeValue","minValue":"11","maxValue":"50"}}]}},"_links":{"self":[{"href":"https:\/\/staging.bezorgshop.com\/de\/wp-json\/wp\/v2\/product\/11034","targetHints":{"allow":["GET"]}}],"collection":[{"href":"https:\/\/staging.bezorgshop.com\/de\/wp-json\/wp\/v2\/product"}],"about":[{"href":"https:\/\/staging.bezorgshop.com\/de\/wp-json\/wp\/v2\/types\/product"}],"version-history":[{"count":5,"href":"https:\/\/staging.bezorgshop.com\/de\/wp-json\/wp\/v2\/product\/11034\/revisions"}],"predecessor-version":[{"id":12868,"href":"https:\/\/staging.bezorgshop.com\/de\/wp-json\/wp\/v2\/product\/11034\/revisions\/12868"}],"wp:featuredmedia":[{"embeddable":true,"href":"https:\/\/staging.bezorgshop.com\/de\/wp-json\/wp\/v2\/media\/11035"}],"wp:attachment":[{"href":"https:\/\/staging.bezorgshop.com\/de\/wp-json\/wp\/v2\/media?parent=11034"}],"wp:term":[{"taxonomy":"product_brand","embeddable":true,"href":"https:\/\/staging.bezorgshop.com\/de\/wp-json\/wp\/v2\/product_brand?post=11034"},{"taxonomy":"product_cat","embeddable":true,"href":"https:\/\/staging.bezorgshop.com\/de\/wp-json\/wp\/v2\/product_cat?post=11034"},{"taxonomy":"product_tag","embeddable":true,"href":"https:\/\/staging.bezorgshop.com\/de\/wp-json\/wp\/v2\/product_tag?post=11034"}],"curies":[{"name":"wp","href":"https:\/\/api.w.org\/{rel}","templated":true}]}}