{"id":11022,"date":"2026-02-18T05:18:41","date_gmt":"2026-02-18T05:18:41","guid":{"rendered":"https:\/\/staging.bezorgshop.com\/?post_type=product&#038;p=11022"},"modified":"2026-03-10T02:33:51","modified_gmt":"2026-03-10T02:33:51","slug":"bestelzuil-met-pin","status":"publish","type":"product","link":"https:\/\/staging.bezorgshop.com\/de\/produkt\/bestelzuil-met-pin\/","title":{"rendered":"Bestellterminal mit Kartenzahlung"},"content":{"rendered":"<p data-path-to-node=\"1\"><b data-path-to-node=\"1\" data-index-in-node=\"0\">Dieses Bestellterminal arbeitet in Kombination mit der Cashdesk Delivery- und Take-Away-Software.<\/b><\/p>\n<ul data-path-to-node=\"2\">\n<li>\n<p data-path-to-node=\"2,0,0\"><b data-path-to-node=\"2,0,0\" data-index-in-node=\"0\">Wandmontage (inkl. Halterung)<\/b><\/p>\n<\/li>\n<li>\n<p data-path-to-node=\"2,1,0\"><b data-path-to-node=\"2,1,0\" data-index-in-node=\"0\">Kunden bezahlen mit iDeal<\/b><\/p>\n<\/li>\n<li>\n<p data-path-to-node=\"2,2,0\"><b data-path-to-node=\"2,2,0\" data-index-in-node=\"0\">Optionales Kartenzahlungsterminal<\/b><\/p>\n<\/li>\n<li>\n<p data-path-to-node=\"2,3,0\"><b data-path-to-node=\"2,3,0\" data-index-in-node=\"0\">Optionaler Standfu\u00df<\/b><\/p>\n<\/li>\n<li>\n<p data-path-to-node=\"2,4,0\"><b data-path-to-node=\"2,4,0\" data-index-in-node=\"0\">Abmessungen: 106 x 56 x 16 cm<\/b><\/p>\n<\/li>\n<li>\n<p data-path-to-node=\"2,5,0\"><b data-path-to-node=\"2,5,0\" data-index-in-node=\"0\">Gewicht: 22 kg<\/b><\/p>\n<\/li>\n<li>\n<p data-path-to-node=\"2,6,0\"><b data-path-to-node=\"2,6,0\" data-index-in-node=\"0\">27-Zoll-Bildschirm<\/b><\/p>\n<\/li>\n<li>\n<p data-path-to-node=\"2,7,0\"><b data-path-to-node=\"2,7,0\" data-index-in-node=\"0\">Erh\u00e4ltlich in wei\u00dfer und schwarzer Ausf\u00fchrung<\/b><\/p>\n<\/li>\n<li>\n<p data-path-to-node=\"2,8,0\"><b data-path-to-node=\"2,8,0\" data-index-in-node=\"0\">Separater Bodenst\u00e4nder erh\u00e4ltlich<\/b><\/p>\n<\/li>\n<li>\n<p data-path-to-node=\"2,9,0\"><b data-path-to-node=\"2,9,0\" data-index-in-node=\"0\">Die Software f\u00fcr das Bestellterminal finden Sie hier<\/b><\/p>\n<\/li>\n<\/ul>\n","protected":false},"excerpt":{"rendered":"<p>Dieses Bestellterminal arbeitet in Kombination mit der Cashdesk Delivery- und Take-Away-Software. Wandmontage (inkl. Halterung) Kunden bezahlen mit iDeal Optionales Kartenzahlungsterminal<\/p>\n","protected":false},"featured_media":11024,"template":"","meta":{"content-type":""},"product_brand":[],"product_cat":[613,593],"product_tag":[615],"class_list":{"0":"post-11022","1":"product","2":"type-product","3":"status-publish","4":"has-post-thumbnail","6":"product_cat-bestelzuilen-2","7":"product_cat-kartenzahlungsgeraete","8":"product_tag-bestelzuil","9":"product_shipping_class-standard-de","11":"first","12":"instock","13":"taxable","14":"shipping-taxable","15":"purchasable","16":"product-type-simple"},"yoast_head":"<!-- This site is optimized with the Yoast SEO Premium plugin v26.1 (Yoast SEO v27.2) - https:\/\/yoast.com\/product\/yoast-seo-premium-wordpress\/ -->\n<title>Bestellterminal mit Kartenzahlung - Bezorg Shop<\/title>\n<meta name=\"description\" content=\"Bespaar tijd en geld met een bestelzuil. Geen personeel nodig en hogere omzet per order!\" \/>\n<meta name=\"robots\" content=\"index, follow, max-snippet:-1, max-image-preview:large, max-video-preview:-1\" \/>\n<link rel=\"canonical\" href=\"https:\/\/staging.bezorgshop.com\/de\/produkt\/bestelzuil-met-pin\/\" \/>\n<meta property=\"og:locale\" content=\"de_DE\" \/>\n<meta property=\"og:type\" content=\"article\" \/>\n<meta property=\"og:title\" content=\"Bestellterminal mit Kartenzahlung\" \/>\n<meta property=\"og:description\" content=\"Bespaar tijd en geld met een bestelzuil. Geen personeel nodig en hogere omzet per order!\" \/>\n<meta property=\"og:url\" content=\"https:\/\/staging.bezorgshop.com\/de\/produkt\/bestelzuil-met-pin\/\" \/>\n<meta property=\"og:site_name\" content=\"Bezorg Shop\" \/>\n<meta property=\"article:modified_time\" content=\"2026-03-10T02:33:51+00:00\" \/>\n<meta property=\"og:image\" content=\"https:\/\/staging.bezorgshop.com\/wp-content\/uploads\/bestelzuil_met_pin-1.png\" \/>\n\t<meta property=\"og:image:width\" content=\"433\" \/>\n\t<meta property=\"og:image:height\" content=\"577\" \/>\n\t<meta property=\"og:image:type\" content=\"image\/png\" \/>\n<meta name=\"twitter:card\" content=\"summary_large_image\" \/>\n<meta name=\"twitter:label1\" content=\"Gesch\u00e4tzte Lesezeit\" \/>\n\t<meta name=\"twitter:data1\" content=\"1\u00a0Minute\" \/>\n<script type=\"application\/ld+json\" class=\"yoast-schema-graph\">{\"@context\":\"https:\/\/schema.org\",\"@graph\":[{\"@type\":\"WebPage\",\"@id\":\"https:\/\/staging.bezorgshop.com\/de\/produkt\/bestelzuil-met-pin\/\",\"url\":\"https:\/\/staging.bezorgshop.com\/de\/produkt\/bestelzuil-met-pin\/\",\"name\":\"Bestellterminal mit Kartenzahlung - Bezorg Shop\",\"isPartOf\":{\"@id\":\"https:\/\/staging.bezorgshop.com\/#website\"},\"primaryImageOfPage\":{\"@id\":\"https:\/\/staging.bezorgshop.com\/de\/produkt\/bestelzuil-met-pin\/#primaryimage\"},\"image\":{\"@id\":\"https:\/\/staging.bezorgshop.com\/de\/produkt\/bestelzuil-met-pin\/#primaryimage\"},\"thumbnailUrl\":\"https:\/\/staging.bezorgshop.com\/wp-content\/uploads\/bestelzuil_met_pin-1.png\",\"datePublished\":\"2026-02-18T05:18:41+00:00\",\"dateModified\":\"2026-03-10T02:33:51+00:00\",\"description\":\"Bespaar tijd en geld met een bestelzuil. Geen personeel nodig en hogere omzet per order!\",\"breadcrumb\":{\"@id\":\"https:\/\/staging.bezorgshop.com\/de\/produkt\/bestelzuil-met-pin\/#breadcrumb\"},\"inLanguage\":\"de\",\"potentialAction\":[{\"@type\":\"ReadAction\",\"target\":[\"https:\/\/staging.bezorgshop.com\/de\/produkt\/bestelzuil-met-pin\/\"]}]},{\"@type\":\"ImageObject\",\"inLanguage\":\"de\",\"@id\":\"https:\/\/staging.bezorgshop.com\/de\/produkt\/bestelzuil-met-pin\/#primaryimage\",\"url\":\"https:\/\/staging.bezorgshop.com\/wp-content\/uploads\/bestelzuil_met_pin-1.png\",\"contentUrl\":\"https:\/\/staging.bezorgshop.com\/wp-content\/uploads\/bestelzuil_met_pin-1.png\",\"width\":433,\"height\":577},{\"@type\":\"BreadcrumbList\",\"@id\":\"https:\/\/staging.bezorgshop.com\/de\/produkt\/bestelzuil-met-pin\/#breadcrumb\",\"itemListElement\":[{\"@type\":\"ListItem\",\"position\":1,\"name\":\"Startseite\",\"item\":\"https:\/\/staging.bezorgshop.com\/de\/\"},{\"@type\":\"ListItem\",\"position\":2,\"name\":\"Shop\",\"item\":\"https:\/\/staging.bezorgshop.com\/de\/shop_jer\/\"},{\"@type\":\"ListItem\",\"position\":3,\"name\":\"Bestellterminal mit Kartenzahlung\"}]},{\"@type\":\"WebSite\",\"@id\":\"https:\/\/staging.bezorgshop.com\/#website\",\"url\":\"https:\/\/staging.bezorgshop.com\/\",\"name\":\"BezorgShop.com\",\"description\":\"Partner voor food delivery en Take Away restaurants!\",\"publisher\":{\"@id\":\"https:\/\/staging.bezorgshop.com\/#organization\"},\"potentialAction\":[{\"@type\":\"SearchAction\",\"target\":{\"@type\":\"EntryPoint\",\"urlTemplate\":\"https:\/\/staging.bezorgshop.com\/?s={search_term_string}\"},\"query-input\":{\"@type\":\"PropertyValueSpecification\",\"valueRequired\":true,\"valueName\":\"search_term_string\"}}],\"inLanguage\":\"de\"},{\"@type\":\"Organization\",\"@id\":\"https:\/\/staging.bezorgshop.com\/#organization\",\"name\":\"Bezorgshop.com\",\"url\":\"https:\/\/staging.bezorgshop.com\/\",\"logo\":{\"@type\":\"ImageObject\",\"inLanguage\":\"de\",\"@id\":\"https:\/\/staging.bezorgshop.com\/#\/schema\/logo\/image\/\",\"url\":\"https:\/\/staging.bezorgshop.com\/wp-content\/uploads\/bezorgshop.com_.png\",\"contentUrl\":\"https:\/\/staging.bezorgshop.com\/wp-content\/uploads\/bezorgshop.com_.png\",\"width\":569,\"height\":119,\"caption\":\"Bezorgshop.com\"},\"image\":{\"@id\":\"https:\/\/staging.bezorgshop.com\/#\/schema\/logo\/image\/\"},\"email\":\"info@bezorgshop.com\",\"foundingDate\":\"2024-05-01\",\"numberOfEmployees\":{\"@type\":\"QuantitativeValue\",\"minValue\":\"11\",\"maxValue\":\"50\"}}]}<\/script>\n<!-- \/ Yoast SEO Premium plugin. -->","yoast_head_json":{"title":"Bestellterminal mit Kartenzahlung - Bezorg Shop","description":"Bespaar tijd en geld met een bestelzuil. Geen personeel nodig en hogere omzet per order!","robots":{"index":"index","follow":"follow","max-snippet":"max-snippet:-1","max-image-preview":"max-image-preview:large","max-video-preview":"max-video-preview:-1"},"canonical":"https:\/\/staging.bezorgshop.com\/de\/produkt\/bestelzuil-met-pin\/","og_locale":"de_DE","og_type":"article","og_title":"Bestellterminal mit Kartenzahlung","og_description":"Bespaar tijd en geld met een bestelzuil. Geen personeel nodig en hogere omzet per order!","og_url":"https:\/\/staging.bezorgshop.com\/de\/produkt\/bestelzuil-met-pin\/","og_site_name":"Bezorg Shop","article_modified_time":"2026-03-10T02:33:51+00:00","og_image":[{"width":433,"height":577,"url":"https:\/\/staging.bezorgshop.com\/wp-content\/uploads\/bestelzuil_met_pin-1.png","type":"image\/png"}],"twitter_card":"summary_large_image","twitter_misc":{"Gesch\u00e4tzte Lesezeit":"1\u00a0Minute"},"schema":{"@context":"https:\/\/schema.org","@graph":[{"@type":"WebPage","@id":"https:\/\/staging.bezorgshop.com\/de\/produkt\/bestelzuil-met-pin\/","url":"https:\/\/staging.bezorgshop.com\/de\/produkt\/bestelzuil-met-pin\/","name":"Bestellterminal mit Kartenzahlung - Bezorg Shop","isPartOf":{"@id":"https:\/\/staging.bezorgshop.com\/#website"},"primaryImageOfPage":{"@id":"https:\/\/staging.bezorgshop.com\/de\/produkt\/bestelzuil-met-pin\/#primaryimage"},"image":{"@id":"https:\/\/staging.bezorgshop.com\/de\/produkt\/bestelzuil-met-pin\/#primaryimage"},"thumbnailUrl":"https:\/\/staging.bezorgshop.com\/wp-content\/uploads\/bestelzuil_met_pin-1.png","datePublished":"2026-02-18T05:18:41+00:00","dateModified":"2026-03-10T02:33:51+00:00","description":"Bespaar tijd en geld met een bestelzuil. Geen personeel nodig en hogere omzet per order!","breadcrumb":{"@id":"https:\/\/staging.bezorgshop.com\/de\/produkt\/bestelzuil-met-pin\/#breadcrumb"},"inLanguage":"de","potentialAction":[{"@type":"ReadAction","target":["https:\/\/staging.bezorgshop.com\/de\/produkt\/bestelzuil-met-pin\/"]}]},{"@type":"ImageObject","inLanguage":"de","@id":"https:\/\/staging.bezorgshop.com\/de\/produkt\/bestelzuil-met-pin\/#primaryimage","url":"https:\/\/staging.bezorgshop.com\/wp-content\/uploads\/bestelzuil_met_pin-1.png","contentUrl":"https:\/\/staging.bezorgshop.com\/wp-content\/uploads\/bestelzuil_met_pin-1.png","width":433,"height":577},{"@type":"BreadcrumbList","@id":"https:\/\/staging.bezorgshop.com\/de\/produkt\/bestelzuil-met-pin\/#breadcrumb","itemListElement":[{"@type":"ListItem","position":1,"name":"Startseite","item":"https:\/\/staging.bezorgshop.com\/de\/"},{"@type":"ListItem","position":2,"name":"Shop","item":"https:\/\/staging.bezorgshop.com\/de\/shop_jer\/"},{"@type":"ListItem","position":3,"name":"Bestellterminal mit Kartenzahlung"}]},{"@type":"WebSite","@id":"https:\/\/staging.bezorgshop.com\/#website","url":"https:\/\/staging.bezorgshop.com\/","name":"BezorgShop.com","description":"Partner voor food delivery en Take Away restaurants!","publisher":{"@id":"https:\/\/staging.bezorgshop.com\/#organization"},"potentialAction":[{"@type":"SearchAction","target":{"@type":"EntryPoint","urlTemplate":"https:\/\/staging.bezorgshop.com\/?s={search_term_string}"},"query-input":{"@type":"PropertyValueSpecification","valueRequired":true,"valueName":"search_term_string"}}],"inLanguage":"de"},{"@type":"Organization","@id":"https:\/\/staging.bezorgshop.com\/#organization","name":"Bezorgshop.com","url":"https:\/\/staging.bezorgshop.com\/","logo":{"@type":"ImageObject","inLanguage":"de","@id":"https:\/\/staging.bezorgshop.com\/#\/schema\/logo\/image\/","url":"https:\/\/staging.bezorgshop.com\/wp-content\/uploads\/bezorgshop.com_.png","contentUrl":"https:\/\/staging.bezorgshop.com\/wp-content\/uploads\/bezorgshop.com_.png","width":569,"height":119,"caption":"Bezorgshop.com"},"image":{"@id":"https:\/\/staging.bezorgshop.com\/#\/schema\/logo\/image\/"},"email":"info@bezorgshop.com","foundingDate":"2024-05-01","numberOfEmployees":{"@type":"QuantitativeValue","minValue":"11","maxValue":"50"}}]}},"_links":{"self":[{"href":"https:\/\/staging.bezorgshop.com\/de\/wp-json\/wp\/v2\/product\/11022","targetHints":{"allow":["GET"]}}],"collection":[{"href":"https:\/\/staging.bezorgshop.com\/de\/wp-json\/wp\/v2\/product"}],"about":[{"href":"https:\/\/staging.bezorgshop.com\/de\/wp-json\/wp\/v2\/types\/product"}],"version-history":[{"count":2,"href":"https:\/\/staging.bezorgshop.com\/de\/wp-json\/wp\/v2\/product\/11022\/revisions"}],"predecessor-version":[{"id":12866,"href":"https:\/\/staging.bezorgshop.com\/de\/wp-json\/wp\/v2\/product\/11022\/revisions\/12866"}],"wp:featuredmedia":[{"embeddable":true,"href":"https:\/\/staging.bezorgshop.com\/de\/wp-json\/wp\/v2\/media\/11024"}],"wp:attachment":[{"href":"https:\/\/staging.bezorgshop.com\/de\/wp-json\/wp\/v2\/media?parent=11022"}],"wp:term":[{"taxonomy":"product_brand","embeddable":true,"href":"https:\/\/staging.bezorgshop.com\/de\/wp-json\/wp\/v2\/product_brand?post=11022"},{"taxonomy":"product_cat","embeddable":true,"href":"https:\/\/staging.bezorgshop.com\/de\/wp-json\/wp\/v2\/product_cat?post=11022"},{"taxonomy":"product_tag","embeddable":true,"href":"https:\/\/staging.bezorgshop.com\/de\/wp-json\/wp\/v2\/product_tag?post=11022"}],"curies":[{"name":"wp","href":"https:\/\/api.w.org\/{rel}","templated":true}]}}