{"id":11009,"date":"2026-02-18T05:18:47","date_gmt":"2026-02-18T05:18:47","guid":{"rendered":"https:\/\/staging.bezorgshop.com\/?post_type=product&#038;p=11009"},"modified":"2026-03-10T02:26:29","modified_gmt":"2026-03-10T02:26:29","slug":"food-fotografie-50-gerechten","status":"publish","type":"product","link":"https:\/\/staging.bezorgshop.com\/de\/produkt\/food-fotografie-50-gerechten\/","title":{"rendered":"Food-Fotografie 50 Gerichte"},"content":{"rendered":"<p data-path-to-node=\"1\">Professionelle Fotos Ihrer Gerichte sorgen f\u00fcr mehr Online-Bestellungen.<\/p>\n<p data-path-to-node=\"2\">Sie k\u00f6nnen vorab aus verschiedenen Hintergr\u00fcnden w\u00e4hlen und erhalten jede Aufnahme 48 Stunden nach dem Fotoshooting geliefert \u2013 exakt nach den Spezifikationen Ihrer Website oder Ihres Webshops.<\/p>\n<p data-path-to-node=\"3\">Der Preis versteht sich inklusive Nachbearbeitung der Fotos, inklusive Reisekosten (NL, B und NRW) und exklusive MwSt.<\/p>\n<p data-path-to-node=\"4\"><b data-path-to-node=\"4\" data-index-in-node=\"0\">Beispiele:<\/b><\/p>\n<p><a href=\"https:\/\/www.lisushi.nl\/menu?store_id=16b6cfc2-de7a-465e-a309-e005dab3443b\" target=\"_blank\" rel=\"noopener\">website<\/a><\/p>\n<p><a href=\"https:\/\/www.mastercheff.nl\/mastercheffoudemansstraatdenhaag\/menu\" target=\"_blank\" rel=\"noopener\">website<\/a><\/p>\n<p><a href=\"https:\/\/yumbum.cashdesk.nl\/?\" target=\"_blank\" rel=\"noopener\">website<\/a><\/p>\n<p>&nbsp;<\/p>\n","protected":false},"excerpt":{"rendered":"<p>Professionelle Fotos Ihrer Gerichte sorgen f\u00fcr mehr Online-Bestellungen. Sie k\u00f6nnen vorab aus verschiedenen Hintergr\u00fcnden w\u00e4hlen und erhalten jede Aufnahme 48<\/p>\n","protected":false},"featured_media":11007,"template":"","meta":{"content-type":""},"product_brand":[],"product_cat":[598],"product_tag":[],"class_list":{"0":"post-11009","1":"product","2":"type-product","3":"status-publish","4":"has-post-thumbnail","6":"product_cat-marketing","7":"product_shipping_class-kostenlos","9":"first","10":"instock","11":"taxable","12":"shipping-taxable","13":"purchasable","14":"product-type-simple"},"yoast_head":"<!-- This site is optimized with the Yoast SEO Premium plugin v26.1 (Yoast SEO v27.2) - https:\/\/yoast.com\/product\/yoast-seo-premium-wordpress\/ -->\n<title>Food-Fotografie 50 Gerichte - Bezorg Shop<\/title>\n<meta name=\"robots\" content=\"index, follow, max-snippet:-1, max-image-preview:large, max-video-preview:-1\" \/>\n<link rel=\"canonical\" href=\"https:\/\/staging.bezorgshop.com\/de\/produkt\/food-fotografie-50-gerechten\/\" \/>\n<meta property=\"og:locale\" content=\"de_DE\" \/>\n<meta property=\"og:type\" content=\"article\" \/>\n<meta property=\"og:title\" content=\"Food-Fotografie 50 Gerichte\" \/>\n<meta property=\"og:description\" content=\"Professionelle Fotos Ihrer Gerichte sorgen f\u00fcr mehr Online-Bestellungen. Sie k\u00f6nnen vorab aus verschiedenen Hintergr\u00fcnden w\u00e4hlen und erhalten jede Aufnahme 48\" \/>\n<meta property=\"og:url\" content=\"https:\/\/staging.bezorgshop.com\/de\/produkt\/food-fotografie-50-gerechten\/\" \/>\n<meta property=\"og:site_name\" content=\"Bezorg Shop\" \/>\n<meta property=\"article:modified_time\" content=\"2026-03-10T02:26:29+00:00\" \/>\n<meta property=\"og:image\" content=\"https:\/\/staging.bezorgshop.com\/wp-content\/uploads\/DSC5096-1.jpg\" \/>\n\t<meta property=\"og:image:width\" content=\"1000\" \/>\n\t<meta property=\"og:image:height\" content=\"1000\" \/>\n\t<meta property=\"og:image:type\" content=\"image\/jpeg\" \/>\n<meta name=\"twitter:card\" content=\"summary_large_image\" \/>\n<meta name=\"twitter:label1\" content=\"Gesch\u00e4tzte Lesezeit\" \/>\n\t<meta name=\"twitter:data1\" content=\"1\u00a0Minute\" \/>\n<script type=\"application\/ld+json\" class=\"yoast-schema-graph\">{\"@context\":\"https:\/\/schema.org\",\"@graph\":[{\"@type\":\"WebPage\",\"@id\":\"https:\/\/staging.bezorgshop.com\/de\/produkt\/food-fotografie-50-gerechten\/\",\"url\":\"https:\/\/staging.bezorgshop.com\/de\/produkt\/food-fotografie-50-gerechten\/\",\"name\":\"Food-Fotografie 50 Gerichte - Bezorg Shop\",\"isPartOf\":{\"@id\":\"https:\/\/staging.bezorgshop.com\/#website\"},\"primaryImageOfPage\":{\"@id\":\"https:\/\/staging.bezorgshop.com\/de\/produkt\/food-fotografie-50-gerechten\/#primaryimage\"},\"image\":{\"@id\":\"https:\/\/staging.bezorgshop.com\/de\/produkt\/food-fotografie-50-gerechten\/#primaryimage\"},\"thumbnailUrl\":\"https:\/\/staging.bezorgshop.com\/wp-content\/uploads\/DSC5096-1.jpg\",\"datePublished\":\"2026-02-18T05:18:47+00:00\",\"dateModified\":\"2026-03-10T02:26:29+00:00\",\"breadcrumb\":{\"@id\":\"https:\/\/staging.bezorgshop.com\/de\/produkt\/food-fotografie-50-gerechten\/#breadcrumb\"},\"inLanguage\":\"de\",\"potentialAction\":[{\"@type\":\"ReadAction\",\"target\":[\"https:\/\/staging.bezorgshop.com\/de\/produkt\/food-fotografie-50-gerechten\/\"]}]},{\"@type\":\"ImageObject\",\"inLanguage\":\"de\",\"@id\":\"https:\/\/staging.bezorgshop.com\/de\/produkt\/food-fotografie-50-gerechten\/#primaryimage\",\"url\":\"https:\/\/staging.bezorgshop.com\/wp-content\/uploads\/DSC5096-1.jpg\",\"contentUrl\":\"https:\/\/staging.bezorgshop.com\/wp-content\/uploads\/DSC5096-1.jpg\",\"width\":1000,\"height\":1000},{\"@type\":\"BreadcrumbList\",\"@id\":\"https:\/\/staging.bezorgshop.com\/de\/produkt\/food-fotografie-50-gerechten\/#breadcrumb\",\"itemListElement\":[{\"@type\":\"ListItem\",\"position\":1,\"name\":\"Startseite\",\"item\":\"https:\/\/staging.bezorgshop.com\/de\/\"},{\"@type\":\"ListItem\",\"position\":2,\"name\":\"Shop\",\"item\":\"https:\/\/staging.bezorgshop.com\/de\/shop_jer\/\"},{\"@type\":\"ListItem\",\"position\":3,\"name\":\"Food-Fotografie 50 Gerichte\"}]},{\"@type\":\"WebSite\",\"@id\":\"https:\/\/staging.bezorgshop.com\/#website\",\"url\":\"https:\/\/staging.bezorgshop.com\/\",\"name\":\"BezorgShop.com\",\"description\":\"Partner voor food delivery en Take Away restaurants!\",\"publisher\":{\"@id\":\"https:\/\/staging.bezorgshop.com\/#organization\"},\"potentialAction\":[{\"@type\":\"SearchAction\",\"target\":{\"@type\":\"EntryPoint\",\"urlTemplate\":\"https:\/\/staging.bezorgshop.com\/?s={search_term_string}\"},\"query-input\":{\"@type\":\"PropertyValueSpecification\",\"valueRequired\":true,\"valueName\":\"search_term_string\"}}],\"inLanguage\":\"de\"},{\"@type\":\"Organization\",\"@id\":\"https:\/\/staging.bezorgshop.com\/#organization\",\"name\":\"Bezorgshop.com\",\"url\":\"https:\/\/staging.bezorgshop.com\/\",\"logo\":{\"@type\":\"ImageObject\",\"inLanguage\":\"de\",\"@id\":\"https:\/\/staging.bezorgshop.com\/#\/schema\/logo\/image\/\",\"url\":\"https:\/\/staging.bezorgshop.com\/wp-content\/uploads\/bezorgshop.com_.png\",\"contentUrl\":\"https:\/\/staging.bezorgshop.com\/wp-content\/uploads\/bezorgshop.com_.png\",\"width\":569,\"height\":119,\"caption\":\"Bezorgshop.com\"},\"image\":{\"@id\":\"https:\/\/staging.bezorgshop.com\/#\/schema\/logo\/image\/\"},\"email\":\"info@bezorgshop.com\",\"foundingDate\":\"2024-05-01\",\"numberOfEmployees\":{\"@type\":\"QuantitativeValue\",\"minValue\":\"11\",\"maxValue\":\"50\"}}]}<\/script>\n<!-- \/ Yoast SEO Premium plugin. -->","yoast_head_json":{"title":"Food-Fotografie 50 Gerichte - Bezorg Shop","robots":{"index":"index","follow":"follow","max-snippet":"max-snippet:-1","max-image-preview":"max-image-preview:large","max-video-preview":"max-video-preview:-1"},"canonical":"https:\/\/staging.bezorgshop.com\/de\/produkt\/food-fotografie-50-gerechten\/","og_locale":"de_DE","og_type":"article","og_title":"Food-Fotografie 50 Gerichte","og_description":"Professionelle Fotos Ihrer Gerichte sorgen f\u00fcr mehr Online-Bestellungen. Sie k\u00f6nnen vorab aus verschiedenen Hintergr\u00fcnden w\u00e4hlen und erhalten jede Aufnahme 48","og_url":"https:\/\/staging.bezorgshop.com\/de\/produkt\/food-fotografie-50-gerechten\/","og_site_name":"Bezorg Shop","article_modified_time":"2026-03-10T02:26:29+00:00","og_image":[{"width":1000,"height":1000,"url":"https:\/\/staging.bezorgshop.com\/wp-content\/uploads\/DSC5096-1.jpg","type":"image\/jpeg"}],"twitter_card":"summary_large_image","twitter_misc":{"Gesch\u00e4tzte Lesezeit":"1\u00a0Minute"},"schema":{"@context":"https:\/\/schema.org","@graph":[{"@type":"WebPage","@id":"https:\/\/staging.bezorgshop.com\/de\/produkt\/food-fotografie-50-gerechten\/","url":"https:\/\/staging.bezorgshop.com\/de\/produkt\/food-fotografie-50-gerechten\/","name":"Food-Fotografie 50 Gerichte - Bezorg Shop","isPartOf":{"@id":"https:\/\/staging.bezorgshop.com\/#website"},"primaryImageOfPage":{"@id":"https:\/\/staging.bezorgshop.com\/de\/produkt\/food-fotografie-50-gerechten\/#primaryimage"},"image":{"@id":"https:\/\/staging.bezorgshop.com\/de\/produkt\/food-fotografie-50-gerechten\/#primaryimage"},"thumbnailUrl":"https:\/\/staging.bezorgshop.com\/wp-content\/uploads\/DSC5096-1.jpg","datePublished":"2026-02-18T05:18:47+00:00","dateModified":"2026-03-10T02:26:29+00:00","breadcrumb":{"@id":"https:\/\/staging.bezorgshop.com\/de\/produkt\/food-fotografie-50-gerechten\/#breadcrumb"},"inLanguage":"de","potentialAction":[{"@type":"ReadAction","target":["https:\/\/staging.bezorgshop.com\/de\/produkt\/food-fotografie-50-gerechten\/"]}]},{"@type":"ImageObject","inLanguage":"de","@id":"https:\/\/staging.bezorgshop.com\/de\/produkt\/food-fotografie-50-gerechten\/#primaryimage","url":"https:\/\/staging.bezorgshop.com\/wp-content\/uploads\/DSC5096-1.jpg","contentUrl":"https:\/\/staging.bezorgshop.com\/wp-content\/uploads\/DSC5096-1.jpg","width":1000,"height":1000},{"@type":"BreadcrumbList","@id":"https:\/\/staging.bezorgshop.com\/de\/produkt\/food-fotografie-50-gerechten\/#breadcrumb","itemListElement":[{"@type":"ListItem","position":1,"name":"Startseite","item":"https:\/\/staging.bezorgshop.com\/de\/"},{"@type":"ListItem","position":2,"name":"Shop","item":"https:\/\/staging.bezorgshop.com\/de\/shop_jer\/"},{"@type":"ListItem","position":3,"name":"Food-Fotografie 50 Gerichte"}]},{"@type":"WebSite","@id":"https:\/\/staging.bezorgshop.com\/#website","url":"https:\/\/staging.bezorgshop.com\/","name":"BezorgShop.com","description":"Partner voor food delivery en Take Away restaurants!","publisher":{"@id":"https:\/\/staging.bezorgshop.com\/#organization"},"potentialAction":[{"@type":"SearchAction","target":{"@type":"EntryPoint","urlTemplate":"https:\/\/staging.bezorgshop.com\/?s={search_term_string}"},"query-input":{"@type":"PropertyValueSpecification","valueRequired":true,"valueName":"search_term_string"}}],"inLanguage":"de"},{"@type":"Organization","@id":"https:\/\/staging.bezorgshop.com\/#organization","name":"Bezorgshop.com","url":"https:\/\/staging.bezorgshop.com\/","logo":{"@type":"ImageObject","inLanguage":"de","@id":"https:\/\/staging.bezorgshop.com\/#\/schema\/logo\/image\/","url":"https:\/\/staging.bezorgshop.com\/wp-content\/uploads\/bezorgshop.com_.png","contentUrl":"https:\/\/staging.bezorgshop.com\/wp-content\/uploads\/bezorgshop.com_.png","width":569,"height":119,"caption":"Bezorgshop.com"},"image":{"@id":"https:\/\/staging.bezorgshop.com\/#\/schema\/logo\/image\/"},"email":"info@bezorgshop.com","foundingDate":"2024-05-01","numberOfEmployees":{"@type":"QuantitativeValue","minValue":"11","maxValue":"50"}}]}},"_links":{"self":[{"href":"https:\/\/staging.bezorgshop.com\/de\/wp-json\/wp\/v2\/product\/11009","targetHints":{"allow":["GET"]}}],"collection":[{"href":"https:\/\/staging.bezorgshop.com\/de\/wp-json\/wp\/v2\/product"}],"about":[{"href":"https:\/\/staging.bezorgshop.com\/de\/wp-json\/wp\/v2\/types\/product"}],"version-history":[{"count":3,"href":"https:\/\/staging.bezorgshop.com\/de\/wp-json\/wp\/v2\/product\/11009\/revisions"}],"predecessor-version":[{"id":12858,"href":"https:\/\/staging.bezorgshop.com\/de\/wp-json\/wp\/v2\/product\/11009\/revisions\/12858"}],"wp:featuredmedia":[{"embeddable":true,"href":"https:\/\/staging.bezorgshop.com\/de\/wp-json\/wp\/v2\/media\/11007"}],"wp:attachment":[{"href":"https:\/\/staging.bezorgshop.com\/de\/wp-json\/wp\/v2\/media?parent=11009"}],"wp:term":[{"taxonomy":"product_brand","embeddable":true,"href":"https:\/\/staging.bezorgshop.com\/de\/wp-json\/wp\/v2\/product_brand?post=11009"},{"taxonomy":"product_cat","embeddable":true,"href":"https:\/\/staging.bezorgshop.com\/de\/wp-json\/wp\/v2\/product_cat?post=11009"},{"taxonomy":"product_tag","embeddable":true,"href":"https:\/\/staging.bezorgshop.com\/de\/wp-json\/wp\/v2\/product_tag?post=11009"}],"curies":[{"name":"wp","href":"https:\/\/api.w.org\/{rel}","templated":true}]}}