{"id":10977,"date":"2026-02-18T05:19:37","date_gmt":"2026-02-18T05:19:37","guid":{"rendered":"https:\/\/staging.bezorgshop.com\/product\/sunmi-p3kh\/"},"modified":"2026-02-27T06:34:02","modified_gmt":"2026-02-27T06:34:02","slug":"sunmi-p3kh","status":"publish","type":"product","link":"https:\/\/staging.bezorgshop.com\/de\/produkt\/sunmi-p3kh\/","title":{"rendered":"Sunmi P3KH"},"content":{"rendered":"<h4>Soepel, intu\u00eftief en gemaakt voor iedereen<\/h4>\n<p>De P3KH is geschikt voor elke situatie en ontworpen om uw bedrijf naadloze en effici\u00ebnte persoonlijke betalingen te bieden.<\/p>\n<p>Het is uitgerust met een fysiek toetsenbord, waardoor het onder alle omstandigheden sneller werkt, zelfs in natte omgevingen waar touchscreens minder goed reageren. De krachtige processor verhoogt de snelheid en effici\u00ebntie van alle transacties nog verder.<\/p>\n<p>Bovendien helpt het ingebouwde toetsenbord pincodes te beschermen tegen skimming en biedt het betere toegankelijkheid voor visueel gehandicapte gebruikers, waardoor het voor iedereen gemakkelijk te gebruiken is.<\/p>\n<p>Dankzij de krachtige functies levert de P3KH snelle, betrouwbare prestaties, waardoor betalingen worden gestroomlijnd en de klanttevredenheid wordt verhoogd.<\/p>\n","protected":false},"excerpt":{"rendered":"<div class=\"relative basis-auto flex-col -mb-(--composer-overlap-px) [--composer-overlap-px:28px] grow flex\">\n<div class=\"flex flex-col text-sm pb-25\">\n<article class=\"text-token-text-primary w-full focus:outline-none [--shadow-height:45px] has-data-writing-block:pointer-events-none has-data-writing-block:-mt-(--shadow-height) has-data-writing-block:pt-(--shadow-height) [&amp;:has([data-writing-block])&gt;*]:pointer-events-auto scroll-mt-[calc(var(--header-height)+min(200px,max(70px,20svh)))]\" dir=\"auto\" tabindex=\"-1\" data-turn-id=\"request-WEB:dd1efa05-ef26-4d02-88c2-4a39a67225c0-6\" data-testid=\"conversation-turn-14\" data-scroll-anchor=\"true\" data-turn=\"assistant\">\n<div class=\"text-base my-auto mx-auto pb-10 [--thread-content-margin:--spacing(4)] @w-sm\/main:[--thread-content-margin:--spacing(6)] @w-lg\/main:[--thread-content-margin:--spacing(16)] px-(--thread-content-margin)\">\n<div class=\"[--thread-content-max-width:40rem] @w-lg\/main:[--thread-content-max-width:48rem] mx-auto max-w-(--thread-content-max-width) flex-1 group\/turn-messages focus-visible:outline-hidden relative flex w-full min-w-0 flex-col agent-turn\" tabindex=\"-1\">\n<div class=\"flex max-w-full flex-col grow\">\n<div class=\"min-h-8 text-message relative flex w-full flex-col items-end gap-2 text-start break-words whitespace-normal [.text-message+&amp;]:mt-1\" dir=\"auto\" data-message-author-role=\"assistant\" data-message-id=\"736d9bcc-2ff9-4bf6-aba1-2f9cafd5a9e1\" data-message-model-slug=\"gpt-5-2\">\n<div class=\"flex w-full flex-col gap-1 empty:hidden first:pt-[1px]\">\n<div class=\"markdown prose dark:prose-invert w-full wrap-break-word dark markdown-new-styling\">\n<p data-start=\"1161\" data-end=\"1188\"><strong data-start=\"1161\" data-end=\"1188\">Produktspezifikationen:<\/strong><\/p>\n<ul data-start=\"1190\" data-end=\"1648\">\n<li data-start=\"1190\" data-end=\"1224\">\n<p data-start=\"1192\" data-end=\"1224\">5\u2033 HD-Display, 720 \u00d7 1280, IPS<\/p>\n<\/li>\n<li data-start=\"1225\" data-end=\"1278\">\n<p data-start=\"1227\" data-end=\"1278\">Unterst\u00fctzung f\u00fcr NFC, Magnetstreifen und QR-Code<\/p>\n<\/li>\n<li data-start=\"1279\" data-end=\"1316\">\n<p data-start=\"1281\" data-end=\"1316\">Frontkamera: 2MP, R\u00fcckkamera: 5MP<\/p>\n<\/li>\n<li data-start=\"1317\" data-end=\"1364\">\n<p data-start=\"1319\" data-end=\"1364\">Hochgeschwindigkeits-Thermodrucker: 70 mm\/s<\/p>\n<\/li>\n<li data-start=\"1365\" data-end=\"1413\">\n<p data-start=\"1367\" data-end=\"1413\">Herausnehmbarer Lithium-Akku, 7,7V \/ 2630mAh<\/p>\n<\/li>\n<li data-start=\"1414\" data-end=\"1432\">\n<p data-start=\"1416\" data-end=\"1432\">Gewicht: 410 g<\/p>\n<\/li>\n<li data-start=\"1433\" data-end=\"1470\">\n<p data-start=\"1435\" data-end=\"1470\">Abmessungen: 201,4 \u00d7 80 \u00d7 18,5 mm<\/p>\n<\/li>\n<li data-start=\"1471\" data-end=\"1522\">\n<p data-start=\"1473\" data-end=\"1522\">Entspricht den PCI PTS 6.2 Sicherheitsstandards<\/p>\n<\/li>\n<li data-start=\"1523\" data-end=\"1552\">\n<p data-start=\"1525\" data-end=\"1552\">Android 11 Betriebssystem<\/p>\n<\/li>\n<li data-start=\"1553\" data-end=\"1610\">\n<p data-start=\"1555\" data-end=\"1610\">Tastatur: 15 Tasten (\u20180\u2019\u2013\u20189\u2019 mit Zahlen + Buchstaben)<\/p>\n<\/li>\n<li data-start=\"1611\" data-end=\"1648\">\n<p data-start=\"1613\" data-end=\"1648\">Multisafepay-Abonnement inklusive<\/p>\n<\/li>\n<\/ul>\n<\/div>\n<\/div>\n<\/div>\n<\/div>\n<\/div>\n<\/div>\n<\/article>\n<\/div>\n<\/div>\n<div id=\"thread-bottom-container\" class=\"sticky bottom-0 group\/thread-bottom-container relative isolate z-10 w-full basis-auto has-data-has-thread-error:pt-2 has-data-has-thread-error:[box-shadow:var(--sharp-edge-bottom-shadow)] md:border-transparent md:pt-0 dark:border-white\/20 md:dark:border-transparent print:hidden content-fade single-line\">\n<div class=\"text-base mx-auto [--thread-content-margin:--spacing(4)] @w-sm\/main:[--thread-content-margin:--spacing(6)] @w-lg\/main:[--thread-content-margin:--spacing(16)] px-(--thread-content-margin)\">\n<div class=\"[--thread-content-max-width:40rem] @w-lg\/main:[--thread-content-max-width:48rem] mx-auto max-w-(--thread-content-max-width) flex-1 mb-4\">\n<div class=\"pointer-events-auto relative z-1 flex h-(--composer-container-height,100%) max-w-full flex-(--composer-container-flex,1) flex-col\">\n<form class=\"group\/composer w-full\" data-type=\"unified-composer\">\n<div class=\"\">\n<div class=\"bg-token-bg-primary corner-superellipse\/1.1 cursor-text overflow-clip bg-clip-padding p-2.5 contain-inline-size motion-safe:transition-colors motion-safe:duration-200 motion-safe:ease-in-out dark:bg-[#303030] grid grid-cols-[auto_1fr_auto] [grid-template-areas:'header_header_header'_'leading_primary_trailing'_'._footer_.'] group-data-expanded\/composer:[grid-template-areas:'header_header_header'_'primary_primary_primary'_'leading_footer_trailing'] shadow-short\" data-composer-surface=\"true\">\n<div class=\"-my-2.5 flex min-h-14 items-center overflow-x-hidden px-1.5 [grid-area:primary] group-data-expanded\/composer:mb-0 group-data-expanded\/composer:px-2.5\"><\/div>\n<\/div>\n<\/div>\n<\/form>\n<\/div>\n<\/div>\n<\/div>\n<\/div>\n","protected":false},"featured_media":10347,"template":"","meta":{"content-type":""},"product_brand":[],"product_cat":[593],"product_tag":[],"class_list":{"0":"post-10977","1":"product","2":"type-product","3":"status-publish","4":"has-post-thumbnail","6":"product_cat-kartenzahlungsgeraete","8":"first","9":"instock","10":"taxable","11":"shipping-taxable","12":"purchasable","13":"product-type-simple"},"yoast_head":"<!-- This site is optimized with the Yoast SEO Premium plugin v26.1 (Yoast SEO v27.2) - https:\/\/yoast.com\/product\/yoast-seo-premium-wordpress\/ -->\n<title>Sunmi P3KH - Bezorg Shop<\/title>\n<meta name=\"robots\" content=\"index, follow, max-snippet:-1, max-image-preview:large, max-video-preview:-1\" \/>\n<link rel=\"canonical\" href=\"https:\/\/staging.bezorgshop.com\/de\/produkt\/sunmi-p3kh\/\" \/>\n<meta property=\"og:locale\" content=\"de_DE\" \/>\n<meta property=\"og:type\" content=\"article\" \/>\n<meta property=\"og:title\" content=\"Sunmi P3KH\" \/>\n<meta property=\"og:description\" content=\"Produktspezifikationen:     5\u2033 HD-Display, 720 \u00d7 1280, IPS    Unterst\u00fctzung f\u00fcr NFC, Magnetstreifen und QR-Code    Frontkamera: 2MP, R\u00fcckkamera: 5MP    Hochgeschwindigkeits-Thermodrucker: 70 mm\/s    Herausnehmbarer Lithium-Akku, 7,7V \/ 2630mAh    Gewicht: 410 g    Abmessungen: 201,4 \u00d7 80 \u00d7 18,5 mm    Entspricht den PCI PTS 6.2 Sicherheitsstandards    Android 11 Betriebssystem    Tastatur: 15 Tasten (\u20180\u2019\u2013\u20189\u2019 mit Zahlen + Buchstaben)    Multisafepay-Abonnement inklusive\" \/>\n<meta property=\"og:url\" content=\"https:\/\/staging.bezorgshop.com\/de\/produkt\/sunmi-p3kh\/\" \/>\n<meta property=\"og:site_name\" content=\"Bezorg Shop\" \/>\n<meta property=\"article:modified_time\" content=\"2026-02-27T06:34:02+00:00\" \/>\n<meta property=\"og:image\" content=\"https:\/\/staging.bezorgshop.com\/wp-content\/uploads\/p3-kh-1.png\" \/>\n\t<meta property=\"og:image:width\" content=\"800\" \/>\n\t<meta property=\"og:image:height\" content=\"756\" \/>\n\t<meta property=\"og:image:type\" content=\"image\/png\" \/>\n<meta name=\"twitter:card\" content=\"summary_large_image\" \/>\n<meta name=\"twitter:label1\" content=\"Gesch\u00e4tzte Lesezeit\" \/>\n\t<meta name=\"twitter:data1\" content=\"1\u00a0Minute\" \/>\n<script type=\"application\/ld+json\" class=\"yoast-schema-graph\">{\"@context\":\"https:\/\/schema.org\",\"@graph\":[{\"@type\":\"WebPage\",\"@id\":\"https:\/\/staging.bezorgshop.com\/de\/produkt\/sunmi-p3kh\/\",\"url\":\"https:\/\/staging.bezorgshop.com\/de\/produkt\/sunmi-p3kh\/\",\"name\":\"Sunmi P3KH - Bezorg Shop\",\"isPartOf\":{\"@id\":\"https:\/\/staging.bezorgshop.com\/#website\"},\"primaryImageOfPage\":{\"@id\":\"https:\/\/staging.bezorgshop.com\/de\/produkt\/sunmi-p3kh\/#primaryimage\"},\"image\":{\"@id\":\"https:\/\/staging.bezorgshop.com\/de\/produkt\/sunmi-p3kh\/#primaryimage\"},\"thumbnailUrl\":\"https:\/\/staging.bezorgshop.com\/wp-content\/uploads\/p3-kh-1.png\",\"datePublished\":\"2026-02-18T05:19:37+00:00\",\"dateModified\":\"2026-02-27T06:34:02+00:00\",\"breadcrumb\":{\"@id\":\"https:\/\/staging.bezorgshop.com\/de\/produkt\/sunmi-p3kh\/#breadcrumb\"},\"inLanguage\":\"de\",\"potentialAction\":[{\"@type\":\"ReadAction\",\"target\":[\"https:\/\/staging.bezorgshop.com\/de\/produkt\/sunmi-p3kh\/\"]}]},{\"@type\":\"ImageObject\",\"inLanguage\":\"de\",\"@id\":\"https:\/\/staging.bezorgshop.com\/de\/produkt\/sunmi-p3kh\/#primaryimage\",\"url\":\"https:\/\/staging.bezorgshop.com\/wp-content\/uploads\/p3-kh-1.png\",\"contentUrl\":\"https:\/\/staging.bezorgshop.com\/wp-content\/uploads\/p3-kh-1.png\",\"width\":800,\"height\":756},{\"@type\":\"BreadcrumbList\",\"@id\":\"https:\/\/staging.bezorgshop.com\/de\/produkt\/sunmi-p3kh\/#breadcrumb\",\"itemListElement\":[{\"@type\":\"ListItem\",\"position\":1,\"name\":\"Startseite\",\"item\":\"https:\/\/staging.bezorgshop.com\/de\/\"},{\"@type\":\"ListItem\",\"position\":2,\"name\":\"Shop\",\"item\":\"https:\/\/staging.bezorgshop.com\/de\/shop_jer\/\"},{\"@type\":\"ListItem\",\"position\":3,\"name\":\"Sunmi P3KH\"}]},{\"@type\":\"WebSite\",\"@id\":\"https:\/\/staging.bezorgshop.com\/#website\",\"url\":\"https:\/\/staging.bezorgshop.com\/\",\"name\":\"BezorgShop.com\",\"description\":\"Partner voor food delivery en Take Away restaurants!\",\"publisher\":{\"@id\":\"https:\/\/staging.bezorgshop.com\/#organization\"},\"potentialAction\":[{\"@type\":\"SearchAction\",\"target\":{\"@type\":\"EntryPoint\",\"urlTemplate\":\"https:\/\/staging.bezorgshop.com\/?s={search_term_string}\"},\"query-input\":{\"@type\":\"PropertyValueSpecification\",\"valueRequired\":true,\"valueName\":\"search_term_string\"}}],\"inLanguage\":\"de\"},{\"@type\":\"Organization\",\"@id\":\"https:\/\/staging.bezorgshop.com\/#organization\",\"name\":\"Bezorgshop.com\",\"url\":\"https:\/\/staging.bezorgshop.com\/\",\"logo\":{\"@type\":\"ImageObject\",\"inLanguage\":\"de\",\"@id\":\"https:\/\/staging.bezorgshop.com\/#\/schema\/logo\/image\/\",\"url\":\"https:\/\/staging.bezorgshop.com\/wp-content\/uploads\/bezorgshop.com_.png\",\"contentUrl\":\"https:\/\/staging.bezorgshop.com\/wp-content\/uploads\/bezorgshop.com_.png\",\"width\":569,\"height\":119,\"caption\":\"Bezorgshop.com\"},\"image\":{\"@id\":\"https:\/\/staging.bezorgshop.com\/#\/schema\/logo\/image\/\"},\"email\":\"info@bezorgshop.com\",\"foundingDate\":\"2024-05-01\",\"numberOfEmployees\":{\"@type\":\"QuantitativeValue\",\"minValue\":\"11\",\"maxValue\":\"50\"}}]}<\/script>\n<!-- \/ Yoast SEO Premium plugin. -->","yoast_head_json":{"title":"Sunmi P3KH - Bezorg Shop","robots":{"index":"index","follow":"follow","max-snippet":"max-snippet:-1","max-image-preview":"max-image-preview:large","max-video-preview":"max-video-preview:-1"},"canonical":"https:\/\/staging.bezorgshop.com\/de\/produkt\/sunmi-p3kh\/","og_locale":"de_DE","og_type":"article","og_title":"Sunmi P3KH","og_description":"Produktspezifikationen:     5\u2033 HD-Display, 720 \u00d7 1280, IPS    Unterst\u00fctzung f\u00fcr NFC, Magnetstreifen und QR-Code    Frontkamera: 2MP, R\u00fcckkamera: 5MP    Hochgeschwindigkeits-Thermodrucker: 70 mm\/s    Herausnehmbarer Lithium-Akku, 7,7V \/ 2630mAh    Gewicht: 410 g    Abmessungen: 201,4 \u00d7 80 \u00d7 18,5 mm    Entspricht den PCI PTS 6.2 Sicherheitsstandards    Android 11 Betriebssystem    Tastatur: 15 Tasten (\u20180\u2019\u2013\u20189\u2019 mit Zahlen + Buchstaben)    Multisafepay-Abonnement inklusive","og_url":"https:\/\/staging.bezorgshop.com\/de\/produkt\/sunmi-p3kh\/","og_site_name":"Bezorg Shop","article_modified_time":"2026-02-27T06:34:02+00:00","og_image":[{"width":800,"height":756,"url":"https:\/\/staging.bezorgshop.com\/wp-content\/uploads\/p3-kh-1.png","type":"image\/png"}],"twitter_card":"summary_large_image","twitter_misc":{"Gesch\u00e4tzte Lesezeit":"1\u00a0Minute"},"schema":{"@context":"https:\/\/schema.org","@graph":[{"@type":"WebPage","@id":"https:\/\/staging.bezorgshop.com\/de\/produkt\/sunmi-p3kh\/","url":"https:\/\/staging.bezorgshop.com\/de\/produkt\/sunmi-p3kh\/","name":"Sunmi P3KH - Bezorg Shop","isPartOf":{"@id":"https:\/\/staging.bezorgshop.com\/#website"},"primaryImageOfPage":{"@id":"https:\/\/staging.bezorgshop.com\/de\/produkt\/sunmi-p3kh\/#primaryimage"},"image":{"@id":"https:\/\/staging.bezorgshop.com\/de\/produkt\/sunmi-p3kh\/#primaryimage"},"thumbnailUrl":"https:\/\/staging.bezorgshop.com\/wp-content\/uploads\/p3-kh-1.png","datePublished":"2026-02-18T05:19:37+00:00","dateModified":"2026-02-27T06:34:02+00:00","breadcrumb":{"@id":"https:\/\/staging.bezorgshop.com\/de\/produkt\/sunmi-p3kh\/#breadcrumb"},"inLanguage":"de","potentialAction":[{"@type":"ReadAction","target":["https:\/\/staging.bezorgshop.com\/de\/produkt\/sunmi-p3kh\/"]}]},{"@type":"ImageObject","inLanguage":"de","@id":"https:\/\/staging.bezorgshop.com\/de\/produkt\/sunmi-p3kh\/#primaryimage","url":"https:\/\/staging.bezorgshop.com\/wp-content\/uploads\/p3-kh-1.png","contentUrl":"https:\/\/staging.bezorgshop.com\/wp-content\/uploads\/p3-kh-1.png","width":800,"height":756},{"@type":"BreadcrumbList","@id":"https:\/\/staging.bezorgshop.com\/de\/produkt\/sunmi-p3kh\/#breadcrumb","itemListElement":[{"@type":"ListItem","position":1,"name":"Startseite","item":"https:\/\/staging.bezorgshop.com\/de\/"},{"@type":"ListItem","position":2,"name":"Shop","item":"https:\/\/staging.bezorgshop.com\/de\/shop_jer\/"},{"@type":"ListItem","position":3,"name":"Sunmi P3KH"}]},{"@type":"WebSite","@id":"https:\/\/staging.bezorgshop.com\/#website","url":"https:\/\/staging.bezorgshop.com\/","name":"BezorgShop.com","description":"Partner voor food delivery en Take Away restaurants!","publisher":{"@id":"https:\/\/staging.bezorgshop.com\/#organization"},"potentialAction":[{"@type":"SearchAction","target":{"@type":"EntryPoint","urlTemplate":"https:\/\/staging.bezorgshop.com\/?s={search_term_string}"},"query-input":{"@type":"PropertyValueSpecification","valueRequired":true,"valueName":"search_term_string"}}],"inLanguage":"de"},{"@type":"Organization","@id":"https:\/\/staging.bezorgshop.com\/#organization","name":"Bezorgshop.com","url":"https:\/\/staging.bezorgshop.com\/","logo":{"@type":"ImageObject","inLanguage":"de","@id":"https:\/\/staging.bezorgshop.com\/#\/schema\/logo\/image\/","url":"https:\/\/staging.bezorgshop.com\/wp-content\/uploads\/bezorgshop.com_.png","contentUrl":"https:\/\/staging.bezorgshop.com\/wp-content\/uploads\/bezorgshop.com_.png","width":569,"height":119,"caption":"Bezorgshop.com"},"image":{"@id":"https:\/\/staging.bezorgshop.com\/#\/schema\/logo\/image\/"},"email":"info@bezorgshop.com","foundingDate":"2024-05-01","numberOfEmployees":{"@type":"QuantitativeValue","minValue":"11","maxValue":"50"}}]}},"_links":{"self":[{"href":"https:\/\/staging.bezorgshop.com\/de\/wp-json\/wp\/v2\/product\/10977","targetHints":{"allow":["GET"]}}],"collection":[{"href":"https:\/\/staging.bezorgshop.com\/de\/wp-json\/wp\/v2\/product"}],"about":[{"href":"https:\/\/staging.bezorgshop.com\/de\/wp-json\/wp\/v2\/types\/product"}],"version-history":[{"count":3,"href":"https:\/\/staging.bezorgshop.com\/de\/wp-json\/wp\/v2\/product\/10977\/revisions"}],"predecessor-version":[{"id":12798,"href":"https:\/\/staging.bezorgshop.com\/de\/wp-json\/wp\/v2\/product\/10977\/revisions\/12798"}],"wp:featuredmedia":[{"embeddable":true,"href":"https:\/\/staging.bezorgshop.com\/de\/wp-json\/wp\/v2\/media\/10347"}],"wp:attachment":[{"href":"https:\/\/staging.bezorgshop.com\/de\/wp-json\/wp\/v2\/media?parent=10977"}],"wp:term":[{"taxonomy":"product_brand","embeddable":true,"href":"https:\/\/staging.bezorgshop.com\/de\/wp-json\/wp\/v2\/product_brand?post=10977"},{"taxonomy":"product_cat","embeddable":true,"href":"https:\/\/staging.bezorgshop.com\/de\/wp-json\/wp\/v2\/product_cat?post=10977"},{"taxonomy":"product_tag","embeddable":true,"href":"https:\/\/staging.bezorgshop.com\/de\/wp-json\/wp\/v2\/product_tag?post=10977"}],"curies":[{"name":"wp","href":"https:\/\/api.w.org\/{rel}","templated":true}]}}