{"id":6861,"date":"2024-04-28T14:09:18","date_gmt":"2024-04-28T14:09:18","guid":{"rendered":"https:\/\/www.bezorgshop.com\/datenschutzbestimmungen\/"},"modified":"2024-04-28T14:09:18","modified_gmt":"2024-04-28T14:09:18","slug":"datenschutzbestimmungen","status":"publish","type":"page","link":"https:\/\/staging.bezorgshop.com\/de\/datenschutzbestimmungen\/","title":{"rendered":"Datenschutzbestimmungen"},"content":{"rendered":"<p><strong>Datenschutzerkl\u00e4rung Deliveryshop.com https:\/\/staging.bezorgshop.com<\/strong><\/p>\n<p>\u00dcber unsere Datenschutzrichtlinie<br \/>Deliveryshop.com legt gro\u00dfen Wert auf Ihre Privatsph\u00e4re. Wir verarbeiten daher nur Daten, die wir f\u00fcr folgende Zwecke ben\u00f6tigen<br \/>(Verbesserung) unserer Dienstleistungen und Behandlung der Informationen, die wir \u00fcber Sie und Ihre Nutzung von<br \/>unsere Dienste gesammelt haben. Wir stellen Ihre Daten niemals f\u00fcr kommerzielle Zwecke zur Verf\u00fcgung an<br \/>dritte Parteien.<br \/>Diese Datenschutzrichtlinie gilt f\u00fcr die Nutzung der Website und der darauf abrufbaren Dienste durch<br \/>Deliveryshop.de. Das Datum des Inkrafttretens der G\u00fcltigkeit dieser Bedingungen ist der 16\/06\/2024, mit der Ver\u00f6ffentlichung von<br \/>eine neue Version die G\u00fcltigkeit aller vorherigen Versionen aufhebt. Diese Datenschutzrichtlinie beschreibt, welche Daten<br \/>\u00fcber Sie gesammelt werden, wof\u00fcr diese Daten verwendet werden und mit wem und unter welchen Bedingungen<br \/>Bedingungen k\u00f6nnen diese Daten m\u00f6glicherweise an Dritte weitergegeben werden. Wir erkl\u00e4ren Ihnen auch, wie Sie<br \/>wir Ihre Daten speichern und wie wir Ihre Daten vor Missbrauch sch\u00fctzen, und welche Rechte Sie bei<br \/>in Bezug auf die pers\u00f6nlichen Daten, die Sie uns zur Verf\u00fcgung stellen.<br \/>Wenn Sie Fragen zu unseren Datenschutzrichtlinien haben, wenden Sie sich bitte an unseren Ansprechpartner f\u00fcr Datenschutz, u<br \/>Die Kontaktdaten finden Sie am Ende unserer Datenschutzrichtlinie.<br \/>\u00dcber Datenverarbeitung<br \/>Im Folgenden k\u00f6nnen Sie nachlesen, wie wir Ihre Daten verarbeiten, wo wir sie speichern (oder speichern lassen), welche<br \/>Sicherheitstechniken, die wir verwenden und f\u00fcr wen die Daten einsehbar sind.<br \/>Webshop-Software<br \/>WooCommerce<br \/>Unser Online-Shop ist mit der Software WooCommerce entwickelt worden. Pers\u00f6nliche Daten, die Sie f\u00fcr die Zwecke unserer<br \/>Dienstleistungen, die uns zur Verf\u00fcgung gestellt werden, werden mit dieser Partei geteilt. WooCommerce hat Zugriff auf Ihre<br \/>Daten, um uns (technische) Unterst\u00fctzung zu geben, sie werden Ihre Daten niemals f\u00fcr andere Zwecke verwenden.<br \/>Ziel. WooCommerce ist im Rahmen der Vereinbarung, die wir mit ihm geschlossen haben, verpflichtet, angemessene<br \/>zu treffende Sicherheitsma\u00dfnahmen. Diese Sicherheitsma\u00dfnahmen bestehen aus der Anwendung von SSL-Verschl\u00fcsselung und<br \/>Eine starke Passwortpolitik. WooCommerce verwendet Cookies, um technische Informationen zu sammeln<br \/>im Zusammenhang mit Ihrer Nutzung der Software werden keine pers\u00f6nlichen Daten erhoben und\/oder gespeichert.<br \/>WooCommerce beh\u00e4lt sich das Recht vor, gesammelte Daten innerhalb der eigenen Gruppe zu teilen, um die<br \/>Dienstleistungen weiter zu verbessern.<br \/>WooCommerce-Hosting<br \/>Unser Online-Shop wurde mit der Software WooCommerce entwickelt, die wir f\u00fcr unser Webhosting gew\u00e4hlt haben<br \/>AndersHostingU2. Pers\u00f6nliche Daten, die Sie uns f\u00fcr die Nutzung unserer Dienste zur Verf\u00fcgung stellen,<br \/>werden mit dieser Partei geteilt. AndersHostingU2 kann auf Ihre Daten zugreifen, um uns mit (technischen)<br \/>Unterst\u00fctzung, werden sie Ihre Daten niemals f\u00fcr andere Zwecke verwenden. AndersHostingU2 ist eingeschaltet<br \/>Aufgrund der Vereinbarung, die wir mit ihnen getroffen haben, sind wir verpflichtet, angemessene Sicherheitsma\u00dfnahmen zu ergreifen.<br \/>nehmen. Zu diesen Sicherheitsma\u00dfnahmen geh\u00f6ren die Verwendung von SSL-Verschl\u00fcsselung und ein starkes<br \/>Passwort-Richtlinie. Es werden regelm\u00e4\u00dfig Backups erstellt, um Datenverluste zu vermeiden.<br \/>Webhosting<br \/>HostingU2<br \/>[HostingU2] [HostingU2] Wir kaufen Webhosting- und E-Mail-Dienste von . verarbeitet personenbezogene Daten im Auftrag von<br \/>uns und verwendet Ihre Daten nicht f\u00fcr eigene Zwecke. Diese Partei kann jedoch Metadaten \u00fcber den<br \/>die Nutzung der Dienste. Dies sind keine pers\u00f6nlichen Daten.  [HostingU2]  verf\u00fcgt \u00fcber geeignete technische und<br \/>organisatorische Ma\u00dfnahmen, die getroffen werden, um den Verlust und die unbefugte Nutzung Ihrer pers\u00f6nlichen Daten zu verhindern<br \/>Vorkommen.  [HostingU2]  im Rahmen des Abkommens zur Geheimhaltung verpflichtet ist.<br \/>E-Mail und Mailinglisten<br \/>WooCommerce<br \/>Wir versenden unsere Newsletter und Transaktions-E-Mails \u00fcber unsere Webshop-Software<br \/>WooCommerce&#8216;. Alle Best\u00e4tigungs-E-Mails, die Sie von unserer Website und unseren Webformularen erhalten, werden \u00fcber<br \/>Die Server von WooCommerce. WooCommerce wird Ihren Namen und Ihre E-Mail-Adresse niemals f\u00fcr eigene Zwecke verwenden.<br \/>verwenden. Am Ende jeder E-Mail, die automatisch \u00fcber unsere Website verschickt wird, finden Sie den Link &#8218;Abbestellen&#8216;.<br \/>Wenn Sie auf diese Schaltfl\u00e4che klicken, erhalten Sie keine E-Mails mehr von unserer Website. Dies kann die Funktionalit\u00e4t unserer Website beeintr\u00e4chtigen<br \/>ernsthaft reduzieren! Ihre pers\u00f6nlichen Daten werden sicher \u00fcbertragen, gespeichert und<br \/>freigeschaltet. WooCommerce verwendet Cookies und andere Internettechnologien, die Aufschluss dar\u00fcber geben, ob E-Mails ge\u00f6ffnet und gelesen werden. Dar\u00fcber hinaus verarbeitet WooCommerce Informationen \u00fcber Sie als Empf\u00e4nger und die<br \/>Betreffzeile von E-Mails, um die Servicequalit\u00e4t zu verbessern, werden diese Daten<br \/>F\u00fcr 30 Tage aufbewahrt. WooCommerce beh\u00e4lt sich das Recht vor, Ihre Daten f\u00fcr weitere<br \/>Dienstleistungen zu verbessern und in diesem Zusammenhang Informationen mit Dritten zu teilen.<br \/>MailChimp<br \/>Wir versenden unsere E-Mail-Newsletter mit MailChimp. MailChimp wird Ihren Namen und Ihre E-Mail-Adresse niemals f\u00fcr eigene Zwecke verwenden.<br \/>Zwecke. Sie sehen die<br \/>Link &#8218;Abbestellen&#8216;. Sie werden dann unseren Newsletter nicht mehr erhalten. Ihre pers\u00f6nlichen Daten werden von MailChimp verwendet<br \/>sicher aufbewahrt. MailChimp verwendet Cookies und andere Internettechnologien, die es erm\u00f6glichen, aufschlussreiche<br \/>ob E-Mails ge\u00f6ffnet und gelesen werden. MailChimp beh\u00e4lt sich das Recht vor, Ihre Daten zu \u00e4ndern<br \/>verwenden, um den Service weiter zu verbessern und in diesem Rahmen Informationen mit Dritten zu teilen.<br \/>teilen.<br \/>HostingU2<br \/>Wir nutzen die Dienste von HostingU2 f\u00fcr unseren regelm\u00e4\u00dfigen gesch\u00e4ftlichen E-Mail-Verkehr. Diese Partei hat<br \/>angemessene technische und organisatorische Ma\u00dfnahmen ergriffen haben, um den Missbrauch, den Verlust und die Korruption Ihrer und unserer<br \/>Daten so weit wie m\u00f6glich. HostingU2 hat keinen Zugriff auf unsere Mailbox und wir verwalten alle unsere<br \/>E-Mail-Verkehr vertraulich.<br \/>Zahlungsabwickler<br \/>MultiSafepay<br \/>Wir verwenden die Plattform von<br \/>MultiSafepay. MultiSafepay verarbeitet Ihren Namen, Ihre Adresse und Ihre Wohnsitzdaten sowie Ihre Zahlungsdaten wie z.B. Ihre<br \/>Bankkonto oder Kreditkartennummer. MultiSafepay hat angemessene technische und organisatorische Ma\u00dfnahmen getroffen<br \/>zum Schutz Ihrer pers\u00f6nlichen Daten getroffen. MultiSafepay beh\u00e4lt sich das Recht vor, Ihre Angaben zu \u00e4ndern<br \/>nutzen, um den Service weiter zu verbessern und in diesem Rahmen (anonymisierte) Daten mit<br \/>die Weitergabe an Dritte. Alle oben genannten Garantien f\u00fcr den Schutz Ihrer<br \/>personenbezogene Daten gelten auch f\u00fcr die Teile des Dienstes von MultiSafepay, f\u00fcr die sie<br \/>Dritte einschalten. MultiSafepay wird Ihre Daten nicht l\u00e4nger aufbewahren, als es die gesetzlichen Fristen vorsehen<br \/>erlaubt.<br \/>Bewertungen<br \/>Versand und Logistik<br \/>PostNL<br \/>Wenn Sie eine Bestellung bei uns aufgeben, ist es unsere Aufgabe, Ihnen Ihr Paket zuzustellen. Wir verwenden<br \/>Die Dienste von PostNL f\u00fcr die Zustellung. Dazu m\u00fcssen wir Ihren Namen angeben,<br \/>Adress- und Wohnsitzdaten mit PostNL teilen. PostNL verwendet diese Daten ausschlie\u00dflich zu folgenden Zwecken<br \/>die Erf\u00fcllung des Vertrags. F\u00fcr den Fall, dass PostNL Subunternehmer einsetzt, wird PostNL Ihre Daten weitergeben<br \/>auch f\u00fcr diese Parteien verf\u00fcgbar.<br \/>DHL<br \/>Wenn Sie eine Bestellung bei uns aufgeben, ist es unsere Aufgabe, Ihnen Ihr Paket zuzustellen. Wir verwenden<br \/>Die Services von DHL f\u00fcr die Zustellung. Dazu ben\u00f6tigen wir Ihren Namen, Ihre Adresse<br \/>und Wohnsitzangaben bei DHL. DHL verwendet diese Daten nur zum Zweck der Durchf\u00fchrung der<br \/>Vereinbarung. F\u00fcr den Fall, dass DHL Subunternehmer einsetzt, wird DHL Ihre Daten auch diesen Parteien zur Verf\u00fcgung stellen<br \/>Disposition.<br \/>GLS<br \/>Wenn Sie eine Bestellung bei uns aufgeben, ist es unsere Aufgabe, Ihnen Ihr Paket zuzustellen. Wir verwenden<br \/>Die Dienstleistungen von GLS f\u00fcr die Zustellung. Dazu m\u00fcssen wir Ihren Namen, Ihre Adresse und<br \/>Teilen Sie GLS die Details Ihres Wohnsitzes mit. GLS verwendet diese Daten ausschlie\u00dflich zum Zweck der Ausf\u00fchrung der<br \/>Vereinbarung. F\u00fcr den Fall, dass GLS Subunternehmer einsetzt, wird GLS Ihre Daten auch diesen Parteien zur Verf\u00fcgung stellen<br \/>Disposition.<br \/>Fakturierung und Buchhaltung<br \/>e-Booking<br \/>[eboekhouden]Um unsere Aufzeichnungen und Konten zu f\u00fchren, nutzen wir die Dienste von . Wir geben Ihren Namen, Ihre Adresse und Ihren Wohnort sowie Angaben zu Ihrer Bestellung weiter. Diese<br \/>Daten werden zur Verwaltung von Verkaufsrechnungen verwendet. Ihre pers\u00f6nlichen Daten sind gesch\u00fctzt<br \/>gesendet und gespeichert.  [e-boekhouden]  ist zur Vertraulichkeit verpflichtet und wird Ihre Daten vertraulich behandeln<br \/>behandeln.  [e-boekhouden]  Ihre pers\u00f6nlichen Daten nicht f\u00fcr andere als die oben genannten Zwecke verwendet<br \/>beschrieben.<br \/>Externe Vertriebskan\u00e4le<br \/>Zweck der Datenverarbeitung<br \/>Allgemeiner Zweck der Verarbeitung<br \/>Wir verwenden Ihre Daten ausschlie\u00dflich f\u00fcr die Zwecke unserer Dienstleistungen. Das hei\u00dft, der Zweck des<br \/>Die Bearbeitung steht immer in direktem Zusammenhang mit dem von Ihnen erteilten Auftrag. Wir verwenden Ihre Daten nicht f\u00fcr<br \/>(gezieltes) Marketing. Wenn Sie uns Daten zur Verf\u00fcgung stellen und wir diese Daten verwenden, um &#8211; au\u00dfer f\u00fcr Ihre<br \/>Anfrage &#8211; um Sie zu einem sp\u00e4teren Zeitpunkt zu kontaktieren, werden wir Sie um Ihre ausdr\u00fcckliche Erlaubnis bitten. Ihr<br \/>Daten werden nicht an Dritte weitergegeben, es sei denn, um die Buchhaltung und andere administrative Aufgaben zu erf\u00fcllen.<br \/>Verpflichtungen. Diese Dritten sind alle im Rahmen der Vereinbarung zur Vertraulichkeit verpflichtet<br \/>zwischen ihnen und uns oder ein Eid oder eine gesetzliche Verpflichtung.<br \/>Automatisch erfasste Daten<br \/>Die von unserer Website automatisch erfassten Daten werden zum Zweck der Bearbeitung unserer<br \/>Dienstleistungen weiter zu verbessern. Diese Daten (z.B. Ihre IP-Adresse, Webbrowser und<br \/>Betriebssystem) sind keine pers\u00f6nlichen Daten.<br \/>Zusammenarbeit bei Steuer- und Strafermittlungen<br \/>Gegebenenfalls kann Bezorgshop.com durch eine gesetzliche Verpflichtung dazu verpflichtet sein<br \/>die Weitergabe Ihrer Daten in Verbindung mit staatlichen Steuer- oder Strafermittlungen. In einem solchen<br \/>Fall sind wir gezwungen, Ihre Daten weiterzugeben, aber wir werden im Rahmen der uns gesetzlich einger\u00e4umten M\u00f6glichkeiten<br \/>dagegen an.<br \/>Aufbewahrungsfristen<br \/>Wir bewahren Ihre Daten so lange auf, wie Sie unser Kunde sind. Das bedeutet, dass wir Ihr Kundenprofil behalten, bis Sie<br \/>angeben, dass Sie unsere Dienste nicht mehr nutzen m\u00f6chten. Wenn Sie uns dies melden, werden wir<br \/>nehmen Sie es auch als eine Bitte um Vergessen. Das bedeutet auch, dass wir Ihre Daten nicht l\u00e4nger als zwei Jahre aufbewahren.<br \/>ab dem letzten Moment des Kontakts oder der Transaktion, es sei denn, es gibt eine rechtliche Rechtfertigung daf\u00fcr.<br \/>Untermauerung. Gem\u00e4\u00df den geltenden administrativen Verpflichtungen m\u00fcssen wir Rechnungen ausstellen, die Ihre<br \/>(pers\u00f6nlichen) Daten, werden wir diese Daten daher so lange aufbewahren, wie die entsprechende Frist l\u00e4uft.<br \/>Unsere Mitarbeiter haben jedoch keinen Zugriff mehr auf Ihr Kundenprofil und die Dokumente, die wir als Antwort auf Ihre Anfrage erhalten.<br \/>Ihre Bestellung hergestellt haben.<br \/>Ihre Rechte<br \/>Nach geltendem niederl\u00e4ndischem und europ\u00e4ischem Recht haben Sie als betroffene Person bestimmte Rechte gegen\u00fcber<br \/>\u00fcber pers\u00f6nliche Daten, die von uns oder in unserem Namen verarbeitet werden. Wir erkl\u00e4ren weiter unten, welche<br \/>Rechte sind und wie Sie diese geltend machen k\u00f6nnen. Um Missbrauch vorzubeugen, senden wir im Prinzip<br \/>Erkl\u00e4rungen und Kopien Ihrer Daten nur an Ihre uns bereits bekannte E-Mail-Adresse. F\u00fcr den Fall, dass Sie die<br \/>Daten an eine andere E-Mail-Adresse oder z.B. per Post senden, werden wir Sie bitten, sich f\u00fcr<br \/>legitimieren. Wir bewahren Aufzeichnungen \u00fcber abgeschlossene Anfragen auf, im Falle einer vergessenen Anfrage<br \/>verwalten wir anonymisierte Daten. Sie erhalten alle Abschriften und Kopien der Daten in der<br \/>maschinenlesbares Datenformat, das wir in unseren Systemen verwenden. Sie haben jederzeit das Recht, eine<br \/>eine Beschwerde bei der Datenschutzbeh\u00f6rde einzureichen, wenn Sie den Verdacht haben, dass wir Ihre pers\u00f6nlichen Daten in einer Weise verwendet haben, die<br \/>falsch zu verwenden.<br \/>Recht auf Einsichtnahme<br \/>Sie haben jederzeit das Recht, die von uns verarbeiteten (oder verarbeiteten) Daten, die sich auf Ihre Person oder<br \/>auf sie zur\u00fcckzuf\u00fchren sind, k\u00f6nnen eingesehen werden. Sie k\u00f6nnen eine entsprechende Anfrage an unsere Kontaktperson f\u00fcr<br \/>Fragen zum Datenschutz. Sie erhalten dann innerhalb von 30 Tagen eine Antwort auf Ihren Antrag. Wenn Ihrem Antrag stattgegeben wird<br \/>wir senden Ihnen eine Kopie aller Daten mit einer Liste der Verarbeiter an die uns bekannte E-Mail-Adresse<br \/>die \u00fcber solche Daten verf\u00fcgen, unter Angabe der Kategorie, unter der wir diese Daten speichern<br \/>gespeichert.<br \/>Recht auf Berichtigung<br \/>Sie haben jederzeit das Recht, die von uns verarbeiteten (oder verarbeiteten) Daten, die sich auf Ihre Person oder<br \/>auf sie zur\u00fcckgef\u00fchrt werden k\u00f6nnen, ge\u00e4ndert werden. Sie k\u00f6nnen eine entsprechende Anfrage an unsere Kontaktperson stellen<br \/>f\u00fcr Fragen des Datenschutzes. Sie erhalten dann innerhalb von 30 Tagen eine Antwort auf Ihren Antrag. Wenn Ihrem Antrag stattgegeben wird<br \/>senden wir Ihnen eine Best\u00e4tigung an die uns bekannte E-Mail-Adresse, dass die Daten aktualisiert wurden.<br \/>Recht auf Einschr\u00e4nkung der Verarbeitung<br \/>Sie haben jederzeit das Recht, die von uns verarbeiteten (oder verarbeiteten) Daten, die sich auf Ihre Person oder auf diesen Zweck beziehen, zu verlangen<br \/>r\u00fcckverfolgbar sind, begrenzen. Sie k\u00f6nnen eine entsprechende Anfrage an unsere Kontaktperson f\u00fcr<br \/>Fragen zum Datenschutz. Sie erhalten dann innerhalb von 30 Tagen eine Antwort auf Ihren Antrag. Wenn Ihrem Antrag stattgegeben wird<br \/>senden wir Ihnen eine Best\u00e4tigung an die uns bekannte E-Mail-Adresse, dass die Daten bis zur Aufhebung der Einschr\u00e4nkung durch Sie nicht<br \/>nicht mehr bearbeitet werden.<br \/>Recht auf \u00dcbertragbarkeit<br \/>Sie haben jederzeit das Recht, die von uns verarbeiteten (oder verarbeiteten) Daten, die sich auf Ihre Person oder<br \/>von einer anderen Partei auf sie zur\u00fcckgef\u00fchrt werden k\u00f6nnen. Sie k\u00f6nnen einen entsprechenden Antrag stellen an<br \/>unsere Kontaktperson f\u00fcr Datenschutzfragen. Sie erhalten dann innerhalb von 30 Tagen eine Antwort auf Ihren Antrag. Wenn Ihr<br \/>Antrag stattgegeben wird, werden wir Ihnen Kopien oder Abschriften aller Daten an die uns bekannte E-Mail-Adresse senden<br \/>\u00fcber Sie, die wir verarbeitet haben oder in unserem Namen von anderen Verarbeitern oder Dritten verarbeiten lassen. An alle<br \/>Wahrscheinlichkeit, dass wir in einem solchen Fall nicht mehr in der Lage sind, die Dienste fortzusetzen, weil die sichere<br \/>Die Verkn\u00fcpfung von Datendateien kann dann nicht mehr garantiert werden.<br \/>Widerspruchsrecht und andere Rechte<br \/>Sie haben das Recht, gegebenenfalls gegen die Verarbeitung Ihrer personenbezogenen Daten Widerspruch einzulegen<br \/>von oder im Namen von Bezorgshop.com. Wenn Sie widersprechen, werden wir die Datenverarbeitung sofort einstellen<br \/>bis zur Kl\u00e4rung Ihres Widerspruchs eingestellt werden. Wenn Ihr Einspruch begr\u00fcndet ist, werden wir Ihnen Kopien und\/oder<br \/>Ihnen Kopien der Daten, die wir verarbeiten (oder verarbeitet haben), zur Verf\u00fcgung zu stellen und dann die Verarbeitung fortzusetzen<br \/>Streik. Sie haben auch das Recht, nicht einer automatisierten individuellen Entscheidungsfindung oder einem Profiling unterworfen zu werden<br \/>unterworfen werden. Wir verarbeiten Ihre Daten nicht in einer Weise, dass dieses Recht greift. Sind Sie<br \/>glauben, dass es so ist, wenden Sie sich bitte an unseren Datenschutzbeauftragten.<br \/>Cookies<br \/>Google Analytics<br \/>Auf unserer Website werden im Rahmen des Dienstes \u201eAnalytics\u201c Cookies von dem US-Unternehmen Google gesetzt.<br \/>Wir verwenden diesen Dienst, um zu verfolgen und Berichte dar\u00fcber zu erhalten, wie Besucher die Website nutzen.<br \/>Der Auftragsverarbeiter kann nach den geltenden Gesetzen und Vorschriften verpflichtet sein, diese Daten offenzulegen.<br \/>Daten. Wir haben Google nicht gestattet, die erhaltenen Analysedaten f\u00fcr andere Google<br \/>Dienstleistungen.<br \/>Cookies von Dritten<br \/>F\u00fcr den Fall, dass Softwarel\u00f6sungen von Drittanbietern Cookies verwenden, wird dies in diesen<br \/>Erkl\u00e4rung zum Datenschutz.<br \/>\u00c4nderungen der Datenschutzbestimmungen<br \/>Wir behalten uns das Recht vor, unsere Datenschutzbestimmungen jederzeit zu \u00e4ndern. Auf dieser Seite finden Sie jedoch immer die meisten<br \/>aktuelle Version. Wenn sich die neue Datenschutzrichtlinie darauf auswirkt, wie wir bereits Daten erfassen<br \/>Prozess in Bezug auf Sie, werden wir Sie per E-Mail benachrichtigen.<br \/>Kontaktangaben<br \/>Deliveryshop.de<br \/>Wijkermeerstraat 27b 2131HB Hoofddorp Die Niederlande T E info@bezorgshop.com<br \/>Kontaktperson f\u00fcr Datenschutzfragen<br \/>J Renooij<\/p>\n","protected":false},"excerpt":{"rendered":"<p>Datenschutzerkl\u00e4rung Deliveryshop.com https:\/\/staging.bezorgshop.com \u00dcber unsere DatenschutzrichtlinieDeliveryshop.com legt gro\u00dfen Wert auf Ihre Privatsph\u00e4re. Wir verarbeiten daher nur Daten, die wir f\u00fcr<\/p>\n","protected":false},"author":12,"featured_media":0,"parent":0,"menu_order":0,"comment_status":"closed","ping_status":"closed","template":"","meta":{"content-type":"","footnotes":""},"class_list":["post-6861","page","type-page","status-publish","hentry"],"yoast_head":"<!-- This site is optimized with the Yoast SEO Premium plugin v26.1 (Yoast SEO v27.2) - https:\/\/yoast.com\/product\/yoast-seo-premium-wordpress\/ -->\n<title>Datenschutzbestimmungen - Bezorg Shop<\/title>\n<meta name=\"robots\" content=\"index, follow, max-snippet:-1, max-image-preview:large, max-video-preview:-1\" \/>\n<link rel=\"canonical\" href=\"https:\/\/staging.bezorgshop.com\/datenschutzbestimmungen\/\" \/>\n<meta property=\"og:locale\" content=\"de_DE\" \/>\n<meta property=\"og:type\" content=\"article\" \/>\n<meta property=\"og:title\" content=\"Datenschutzbestimmungen\" \/>\n<meta property=\"og:description\" content=\"Datenschutzerkl\u00e4rung Deliveryshop.com https:\/\/staging.bezorgshop.com \u00dcber unsere DatenschutzrichtlinieDeliveryshop.com legt gro\u00dfen Wert auf Ihre Privatsph\u00e4re. Wir verarbeiten daher nur Daten, die wir f\u00fcr\" \/>\n<meta property=\"og:url\" content=\"https:\/\/staging.bezorgshop.com\/datenschutzbestimmungen\/\" \/>\n<meta property=\"og:site_name\" content=\"Bezorg Shop\" \/>\n<meta property=\"og:image\" content=\"https:\/\/staging.bezorgshop.com\/wp-content\/uploads\/bezorgshop.com_.png\" \/>\n\t<meta property=\"og:image:width\" content=\"569\" \/>\n\t<meta property=\"og:image:height\" content=\"119\" \/>\n\t<meta property=\"og:image:type\" content=\"image\/png\" \/>\n<meta name=\"twitter:card\" content=\"summary_large_image\" \/>\n<meta name=\"twitter:label1\" content=\"Gesch\u00e4tzte Lesezeit\" \/>\n\t<meta name=\"twitter:data1\" content=\"12\u00a0Minute\" \/>\n<script type=\"application\/ld+json\" class=\"yoast-schema-graph\">{\"@context\":\"https:\/\/schema.org\",\"@graph\":[{\"@type\":\"WebPage\",\"@id\":\"https:\/\/staging.bezorgshop.com\/datenschutzbestimmungen\/\",\"url\":\"https:\/\/staging.bezorgshop.com\/datenschutzbestimmungen\/\",\"name\":\"Datenschutzbestimmungen - Bezorg Shop\",\"isPartOf\":{\"@id\":\"https:\/\/staging.bezorgshop.com\/#website\"},\"datePublished\":\"2024-04-28T14:09:18+00:00\",\"breadcrumb\":{\"@id\":\"https:\/\/staging.bezorgshop.com\/datenschutzbestimmungen\/#breadcrumb\"},\"inLanguage\":\"de\",\"potentialAction\":[{\"@type\":\"ReadAction\",\"target\":[\"https:\/\/staging.bezorgshop.com\/datenschutzbestimmungen\/\"]}]},{\"@type\":\"BreadcrumbList\",\"@id\":\"https:\/\/staging.bezorgshop.com\/datenschutzbestimmungen\/#breadcrumb\",\"itemListElement\":[{\"@type\":\"ListItem\",\"position\":1,\"name\":\"Startseite\",\"item\":\"https:\/\/staging.bezorgshop.com\/de\/\"},{\"@type\":\"ListItem\",\"position\":2,\"name\":\"Datenschutzbestimmungen\"}]},{\"@type\":\"WebSite\",\"@id\":\"https:\/\/staging.bezorgshop.com\/#website\",\"url\":\"https:\/\/staging.bezorgshop.com\/\",\"name\":\"BezorgShop.com\",\"description\":\"Partner voor food delivery en Take Away restaurants!\",\"publisher\":{\"@id\":\"https:\/\/staging.bezorgshop.com\/#organization\"},\"potentialAction\":[{\"@type\":\"SearchAction\",\"target\":{\"@type\":\"EntryPoint\",\"urlTemplate\":\"https:\/\/staging.bezorgshop.com\/?s={search_term_string}\"},\"query-input\":{\"@type\":\"PropertyValueSpecification\",\"valueRequired\":true,\"valueName\":\"search_term_string\"}}],\"inLanguage\":\"de\"},{\"@type\":\"Organization\",\"@id\":\"https:\/\/staging.bezorgshop.com\/#organization\",\"name\":\"Bezorgshop.com\",\"url\":\"https:\/\/staging.bezorgshop.com\/\",\"logo\":{\"@type\":\"ImageObject\",\"inLanguage\":\"de\",\"@id\":\"https:\/\/staging.bezorgshop.com\/#\/schema\/logo\/image\/\",\"url\":\"https:\/\/staging.bezorgshop.com\/wp-content\/uploads\/bezorgshop.com_.png\",\"contentUrl\":\"https:\/\/staging.bezorgshop.com\/wp-content\/uploads\/bezorgshop.com_.png\",\"width\":569,\"height\":119,\"caption\":\"Bezorgshop.com\"},\"image\":{\"@id\":\"https:\/\/staging.bezorgshop.com\/#\/schema\/logo\/image\/\"},\"email\":\"info@bezorgshop.com\",\"foundingDate\":\"2024-05-01\",\"numberOfEmployees\":{\"@type\":\"QuantitativeValue\",\"minValue\":\"11\",\"maxValue\":\"50\"}}]}<\/script>\n<!-- \/ Yoast SEO Premium plugin. -->","yoast_head_json":{"title":"Datenschutzbestimmungen - Bezorg Shop","robots":{"index":"index","follow":"follow","max-snippet":"max-snippet:-1","max-image-preview":"max-image-preview:large","max-video-preview":"max-video-preview:-1"},"canonical":"https:\/\/staging.bezorgshop.com\/datenschutzbestimmungen\/","og_locale":"de_DE","og_type":"article","og_title":"Datenschutzbestimmungen","og_description":"Datenschutzerkl\u00e4rung Deliveryshop.com https:\/\/staging.bezorgshop.com \u00dcber unsere DatenschutzrichtlinieDeliveryshop.com legt gro\u00dfen Wert auf Ihre Privatsph\u00e4re. Wir verarbeiten daher nur Daten, die wir f\u00fcr","og_url":"https:\/\/staging.bezorgshop.com\/datenschutzbestimmungen\/","og_site_name":"Bezorg Shop","og_image":[{"width":569,"height":119,"url":"https:\/\/staging.bezorgshop.com\/wp-content\/uploads\/bezorgshop.com_.png","type":"image\/png"}],"twitter_card":"summary_large_image","twitter_misc":{"Gesch\u00e4tzte Lesezeit":"12\u00a0Minute"},"schema":{"@context":"https:\/\/schema.org","@graph":[{"@type":"WebPage","@id":"https:\/\/staging.bezorgshop.com\/datenschutzbestimmungen\/","url":"https:\/\/staging.bezorgshop.com\/datenschutzbestimmungen\/","name":"Datenschutzbestimmungen - Bezorg Shop","isPartOf":{"@id":"https:\/\/staging.bezorgshop.com\/#website"},"datePublished":"2024-04-28T14:09:18+00:00","breadcrumb":{"@id":"https:\/\/staging.bezorgshop.com\/datenschutzbestimmungen\/#breadcrumb"},"inLanguage":"de","potentialAction":[{"@type":"ReadAction","target":["https:\/\/staging.bezorgshop.com\/datenschutzbestimmungen\/"]}]},{"@type":"BreadcrumbList","@id":"https:\/\/staging.bezorgshop.com\/datenschutzbestimmungen\/#breadcrumb","itemListElement":[{"@type":"ListItem","position":1,"name":"Startseite","item":"https:\/\/staging.bezorgshop.com\/de\/"},{"@type":"ListItem","position":2,"name":"Datenschutzbestimmungen"}]},{"@type":"WebSite","@id":"https:\/\/staging.bezorgshop.com\/#website","url":"https:\/\/staging.bezorgshop.com\/","name":"BezorgShop.com","description":"Partner voor food delivery en Take Away restaurants!","publisher":{"@id":"https:\/\/staging.bezorgshop.com\/#organization"},"potentialAction":[{"@type":"SearchAction","target":{"@type":"EntryPoint","urlTemplate":"https:\/\/staging.bezorgshop.com\/?s={search_term_string}"},"query-input":{"@type":"PropertyValueSpecification","valueRequired":true,"valueName":"search_term_string"}}],"inLanguage":"de"},{"@type":"Organization","@id":"https:\/\/staging.bezorgshop.com\/#organization","name":"Bezorgshop.com","url":"https:\/\/staging.bezorgshop.com\/","logo":{"@type":"ImageObject","inLanguage":"de","@id":"https:\/\/staging.bezorgshop.com\/#\/schema\/logo\/image\/","url":"https:\/\/staging.bezorgshop.com\/wp-content\/uploads\/bezorgshop.com_.png","contentUrl":"https:\/\/staging.bezorgshop.com\/wp-content\/uploads\/bezorgshop.com_.png","width":569,"height":119,"caption":"Bezorgshop.com"},"image":{"@id":"https:\/\/staging.bezorgshop.com\/#\/schema\/logo\/image\/"},"email":"info@bezorgshop.com","foundingDate":"2024-05-01","numberOfEmployees":{"@type":"QuantitativeValue","minValue":"11","maxValue":"50"}}]}},"_links":{"self":[{"href":"https:\/\/staging.bezorgshop.com\/de\/wp-json\/wp\/v2\/pages\/6861","targetHints":{"allow":["GET"]}}],"collection":[{"href":"https:\/\/staging.bezorgshop.com\/de\/wp-json\/wp\/v2\/pages"}],"about":[{"href":"https:\/\/staging.bezorgshop.com\/de\/wp-json\/wp\/v2\/types\/page"}],"author":[{"embeddable":true,"href":"https:\/\/staging.bezorgshop.com\/de\/wp-json\/wp\/v2\/users\/12"}],"replies":[{"embeddable":true,"href":"https:\/\/staging.bezorgshop.com\/de\/wp-json\/wp\/v2\/comments?post=6861"}],"version-history":[{"count":0,"href":"https:\/\/staging.bezorgshop.com\/de\/wp-json\/wp\/v2\/pages\/6861\/revisions"}],"wp:attachment":[{"href":"https:\/\/staging.bezorgshop.com\/de\/wp-json\/wp\/v2\/media?parent=6861"}],"curies":[{"name":"wp","href":"https:\/\/api.w.org\/{rel}","templated":true}]}}